{"id":1124,"date":"2025-10-16T16:43:52","date_gmt":"2025-10-16T14:43:52","guid":{"rendered":"https:\/\/www.oranjeszvolen.sk\/eshop\/?page_id=1124"},"modified":"2025-10-16T19:01:05","modified_gmt":"2025-10-16T17:01:05","slug":"cookies","status":"publish","type":"page","link":"https:\/\/www.oranjeszvolen.sk\/eshop\/index.php\/cookies\/","title":{"rendered":"Z\u00e1sady pou\u017e\u00edvania s\u00faborov cookies"},"content":{"rendered":"\n<h3 class=\"wp-block-heading\">\u010cO S\u00da S\u00daBORY COOKIE<\/h3>\n\n\n\n<p>S\u00fabory cookie s\u00fa mal\u00e9 textov\u00e9 s\u00fabory, ktor\u00e9 sa ukladaj\u00fa do v\u00e1\u0161ho zariadenia pri n\u00e1v\u0161teve webovej str\u00e1nky. Pom\u00e1haj\u00fa n\u00e1m spr\u00e1vne zobrazova\u0165 str\u00e1nku, zapam\u00e4ta\u0165 si va\u0161e nastavenia a zlep\u0161ova\u0165 funk\u010dnos\u0165 n\u00e1\u0161ho e-shopu.<\/p>\n\n\n\n<h3 class=\"wp-block-heading\">AK\u00c9 COOKIES POU\u017d\u00cdVAME<\/h3>\n\n\n\n<ul class=\"wp-block-list\">\n<li><strong>Nevyhnutn\u00e9 cookies<\/strong> \u2013 zabezpe\u010duj\u00fa spr\u00e1vne fungovanie str\u00e1nky (napr. ko\u0161\u00edk, prihl\u00e1senie, platby).<\/li>\n\n\n\n<li><strong>Analytick\u00e9 cookies<\/strong> \u2013 anonymne sleduj\u00fa n\u00e1v\u0161tevnos\u0165 a spr\u00e1vanie pou\u017e\u00edvate\u013eov, aby sme vedeli zlep\u0161ova\u0165 web (napr. Google Analytics).<\/li>\n\n\n\n<li><strong>Marketingov\u00e9 cookies<\/strong> \u2013 pou\u017e\u00edvame len v pr\u00edpade, \u017ee s nimi s\u00fahlas\u00edte. Pom\u00e1haj\u00fa zobrazova\u0165 relevantn\u00fa reklamu (napr. Facebook Pixel).<\/li>\n<\/ul>\n\n\n\n<h3 class=\"wp-block-heading\">AKO M\u00d4\u017dETE COOKIES SPRAVOVA\u0164<\/h3>\n\n\n\n<p>Pou\u017e\u00edvanie cookies m\u00f4\u017eete ovplyvni\u0165 nastaven\u00edm v\u00e1\u0161ho webov\u00e9ho prehliada\u010da \u2013 m\u00f4\u017eete ich povoli\u0165, obmedzi\u0165 alebo \u00faplne zak\u00e1za\u0165.<br>Upozor\u0148ujeme, \u017ee vypnutie niektor\u00fdch cookies m\u00f4\u017ee obmedzi\u0165 funk\u010dnos\u0165 webu.<\/p>\n\n\n\n<h3 class=\"wp-block-heading\">S\u00daHLAS S POU\u017d\u00cdVAN\u00cdM COOKIES<\/h3>\n\n\n\n<p>Pou\u017e\u00edvan\u00edm tejto str\u00e1nky s\u00fahlas\u00edte s ukladan\u00edm cookies do v\u00e1\u0161ho zariadenia v s\u00falade s t\u00fdmito z\u00e1sadami.<br>Ak s t\u00fdm nes\u00fahlas\u00edte, m\u00f4\u017eete ich vypn\u00fa\u0165 v nastaveniach prehliada\u010da alebo klikn\u00fa\u0165 na \u201eOdmietnu\u0165\u201c v cookie li\u0161te.<\/p>\n\n\n\n<p><\/p>\n","protected":false},"excerpt":{"rendered":"<p>\u010cO S\u00da S\u00daBORY COOKIE S\u00fabory cookie s\u00fa mal\u00e9 textov\u00e9 s\u00fabory, ktor\u00e9 sa ukladaj\u00fa do v\u00e1\u0161ho zariadenia pri n\u00e1v\u0161teve webovej str\u00e1nky. Pom\u00e1haj\u00fa n\u00e1m spr\u00e1vne zobrazova\u0165 str\u00e1nku, zapam\u00e4ta\u0165 si va\u0161e nastavenia a zlep\u0161ova\u0165 funk\u010dnos\u0165 n\u00e1\u0161ho e-shopu. AK\u00c9 COOKIES POU\u017d\u00cdVAME AKO M\u00d4\u017dETE COOKIES SPRAVOVA\u0164 Pou\u017e\u00edvanie cookies m\u00f4\u017eete ovplyvni\u0165 nastaven\u00edm v\u00e1\u0161ho webov\u00e9ho prehliada\u010da \u2013 m\u00f4\u017eete ich povoli\u0165, obmedzi\u0165 alebo&#8230;<\/p>\n","protected":false},"author":1,"featured_media":0,"parent":0,"menu_order":0,"comment_status":"closed","ping_status":"closed","template":"","meta":{"_bst_post_transparent":"","_bst_post_title":"","_bst_post_layout":"","_bst_post_sidebar_id":"","_bst_post_content_style":"","_bst_post_vertical_padding":"","_bst_post_feature":"","_bst_post_feature_position":"","_bst_post_header":false,"_bst_post_footer":false,"footnotes":""},"class_list":["post-1124","page","type-page","status-publish","hentry"],"_links":{"self":[{"href":"https:\/\/www.oranjeszvolen.sk\/eshop\/index.php\/wp-json\/wp\/v2\/pages\/1124","targetHints":{"allow":["GET"]}}],"collection":[{"href":"https:\/\/www.oranjeszvolen.sk\/eshop\/index.php\/wp-json\/wp\/v2\/pages"}],"about":[{"href":"https:\/\/www.oranjeszvolen.sk\/eshop\/index.php\/wp-json\/wp\/v2\/types\/page"}],"author":[{"embeddable":true,"href":"https:\/\/www.oranjeszvolen.sk\/eshop\/index.php\/wp-json\/wp\/v2\/users\/1"}],"replies":[{"embeddable":true,"href":"https:\/\/www.oranjeszvolen.sk\/eshop\/index.php\/wp-json\/wp\/v2\/comments?post=1124"}],"version-history":[{"count":3,"href":"https:\/\/www.oranjeszvolen.sk\/eshop\/index.php\/wp-json\/wp\/v2\/pages\/1124\/revisions"}],"predecessor-version":[{"id":1157,"href":"https:\/\/www.oranjeszvolen.sk\/eshop\/index.php\/wp-json\/wp\/v2\/pages\/1124\/revisions\/1157"}],"wp:attachment":[{"href":"https:\/\/www.oranjeszvolen.sk\/eshop\/index.php\/wp-json\/wp\/v2\/media?parent=1124"}],"curies":[{"name":"wp","href":"https:\/\/api.w.org\/{rel}","templated":true}]}}