{"id":1146,"date":"2025-10-16T18:42:39","date_gmt":"2025-10-16T16:42:39","guid":{"rendered":"https:\/\/www.oranjeszvolen.sk\/eshop\/?page_id=1146"},"modified":"2025-10-16T18:42:40","modified_gmt":"2025-10-16T16:42:40","slug":"vop","status":"publish","type":"page","link":"https:\/\/www.oranjeszvolen.sk\/eshop\/index.php\/vop\/","title":{"rendered":"Obchodn\u00e9 podmienky"},"content":{"rendered":"\n<h2 class=\"wp-block-heading\">V\u0160EOBECN\u00c9 OBCHODN\u00c9 PODMIENKY (VOP)<\/h2>\n\n\n\n<p>Platn\u00e9 od 1.10.2025.<\/p>\n\n\n\n<h3 class=\"wp-block-heading\">\u00daVODN\u00c9 USTANOVENIA<\/h3>\n\n\n\n<p>(a) Prev\u00e1dzkovate\u013eom e-shopu dostupn\u00e9ho na adrese <strong><a href=\"https:\/\/www.oranjeszvolen.sk\/eshop\/\">https:\/\/www.oranjeszvolen.sk\/eshop\/<\/a><\/strong> je spolo\u010dnos\u0165<br><strong>Stylish s. r. o.<\/strong><br>so s\u00eddlom: Alexandra Nogr\u00e1dyho 716\/27, 960 01 Zvolen<br>I\u010cO: 53202236<br>DI\u010c: 2121311940<br>Spolo\u010dnos\u0165 je zap\u00edsan\u00e1 v Obchodnom registri Okresn\u00e9ho s\u00fadu Bansk\u00e1 Bystrica, oddiel: Sro, vlo\u017eka \u010d. 39463\/S.<br>E-mail: <a>info@oranjeszvolen.sk<\/a><br>(dalej len \u201e<strong>Pred\u00e1vaj\u00faci<\/strong>\u201c).<\/p>\n\n\n\n<p>(b) <strong>Kupuj\u00facim<\/strong> je ka\u017ed\u00e1 fyzick\u00e1 alebo pr\u00e1vnick\u00e1 osoba, ktor\u00e1 si objedn\u00e1 tovar prostredn\u00edctvom e-shopu.<br>(c) Tieto VOP upravuj\u00fa pr\u00e1va a povinnosti medzi Pred\u00e1vaj\u00facim a Kupuj\u00facim pri k\u00fape tovaru prostredn\u00edctvom e-shopu.<br>(d) Odoslan\u00edm objedn\u00e1vky Kupuj\u00faci potvrdzuje, \u017ee sa obozn\u00e1mil s t\u00fdmito obchodn\u00fdmi podmienkami a \u017ee s nimi s\u00fahlas\u00ed.<\/p>\n\n\n\n<h3 class=\"wp-block-heading\">OBJEDN\u00c1VKA A UZAVRETIE ZMLUVY<\/h3>\n\n\n\n<p>(a) E-shop zobrazuje ponuku tovaru s popisom, cenou a fotografiou. Obr\u00e1zky maj\u00fa ilustra\u010dn\u00fd charakter.<br>(b) Objedn\u00e1vku m\u00f4\u017ee Kupuj\u00faci vytvori\u0165 prostredn\u00edctvom n\u00e1kupn\u00e9ho ko\u0161\u00edka. Pred odoslan\u00edm objedn\u00e1vky m\u00e1 mo\u017enos\u0165 skontrolova\u0165 a opravi\u0165 zadan\u00e9 \u00fadaje.<br>(c) K\u00fapna zmluva je uzavret\u00e1 v okamihu, ke\u010f Pred\u00e1vaj\u00faci potvrd\u00ed prijatie objedn\u00e1vky e-mailom.<br>(d) Pred\u00e1vaj\u00faci si vyhradzuje pr\u00e1vo objedn\u00e1vku odmietnu\u0165 v pr\u00edpade chybnej ceny, nedostupnosti tovaru alebo in\u00fdch objekt\u00edvnych d\u00f4vodov.<br>(e) V\u0161etky ceny s\u00fa kone\u010dn\u00e9 \u2013 Pred\u00e1vaj\u00faci <strong>nie je platcom DPH<\/strong>.<\/p>\n\n\n\n<h3 class=\"wp-block-heading\">PLATOBN\u00c9 PODMIENKY<\/h3>\n\n\n\n<p>(a) Cenu tovaru je mo\u017en\u00e9 uhradi\u0165 nasledovne:<br>\u2022 bankov\u00fdm prevodom na \u00fa\u010det Pred\u00e1vaj\u00faceho,<br>(b) Platbu uskuto\u010dnite na \u00fa\u010det:<br><strong>IBAN:<\/strong> SK9602000000004361375754<br><strong>Variabiln\u00fd symbol:<\/strong> \u010d\u00edslo objedn\u00e1vky.<\/p>\n\n\n\n<p>(c) Objedn\u00e1vka bude odoslan\u00e1 po prip\u00edsan\u00ed platby na \u00fa\u010det Pred\u00e1vaj\u00faceho.<br>(d) Ak platba nebude prijat\u00e1 do 7 dn\u00ed od objednania, objedn\u00e1vka m\u00f4\u017ee by\u0165 automaticky zru\u0161en\u00e1.<\/p>\n\n\n\n<h3 class=\"wp-block-heading\">DODANIE TOVARU<\/h3>\n\n\n\n<p>(a) Tovar je doru\u010dovan\u00fd prostredn\u00edctvom zmluvn\u00fdch dopravcov alebo osobn\u00fdm odberom pod\u013ea dohody.<br>(b) Cena dopravy je zobrazen\u00e1 v ko\u0161\u00edku pred dokon\u010den\u00edm objedn\u00e1vky.<br>(c) Be\u017en\u00e1 dodacia lehota je 14 pracovn\u00fdch dn\u00ed, ak nie je uveden\u00e9 inak.<br>(d) Kupuj\u00faci je povinn\u00fd skontrolova\u0165 neporu\u0161enos\u0165 balenia pri prevzat\u00ed. Ak je obal po\u0161koden\u00fd, odpor\u00fa\u010dame z\u00e1sielku neprebera\u0165 a kontaktova\u0165 Pred\u00e1vaj\u00faceho.<br>(e) Vlastn\u00edcke pr\u00e1vo prech\u00e1dza na Kupuj\u00faceho a\u017e po zaplaten\u00ed celkovej ceny a prevzat\u00ed tovaru.<\/p>\n\n\n\n<h3 class=\"wp-block-heading\">ODST\u00daPENIE OD ZMLUVY A VR\u00c1TENIE TOVARU<\/h3>\n\n\n\n<p>(a) Kupuj\u00faci \u2013 spotrebite\u013e m\u00e1 pr\u00e1vo odst\u00fapi\u0165 od zmluvy bez uvedenia d\u00f4vodu do 14 dn\u00ed od prevzatia tovaru.<br>(b) Na odst\u00fapenie m\u00f4\u017ee pou\u017ei\u0165 vzorov\u00fd formul\u00e1r (ni\u017e\u0161ie) a posla\u0165 ho na e-mail alebo adresu Pred\u00e1vaj\u00faceho.<br>(c) Tovar je potrebn\u00e9 vr\u00e1ti\u0165 v nepo\u0161kodenom stave, ide\u00e1lne v p\u00f4vodnom obale.<br>(d) N\u00e1klady na vr\u00e1tenie tovaru zn\u00e1\u0161a Kupuj\u00faci.<br>(e) Po doru\u010den\u00ed tovaru Pred\u00e1vaj\u00faci vr\u00e1ti zaplaten\u00fa sumu rovnak\u00fdm sp\u00f4sobom ako bola uhraden\u00e1, najnesk\u00f4r do 14 dn\u00ed.<br>(f) Pr\u00e1vo na odst\u00fapenie sa nevz\u0165ahuje na tovar vyroben\u00fd na mieru alebo upravovan\u00fd pod\u013ea po\u017eiadaviek z\u00e1kazn\u00edka.<\/p>\n\n\n\n<h3 class=\"wp-block-heading\">REKLAM\u00c1CIE A ZODPOVEDNOS\u0164 ZA VADY<\/h3>\n\n\n\n<p>(a) Reklam\u00e1ciu m\u00f4\u017ee Kupuj\u00faci uplatni\u0165 e-mailom alebo po\u0161tou na adresu Pred\u00e1vaj\u00faceho.<br>(b) Reklam\u00e1cia mus\u00ed obsahova\u0165 popis vady, \u010d\u00edslo objedn\u00e1vky a n\u00e1vrh rie\u0161enia (oprava, v\u00fdmena, z\u013eava, vr\u00e1tenie).<br>(c) O reklam\u00e1cii sa rozhodne bez zbyto\u010dn\u00e9ho odkladu, najnesk\u00f4r do 30 dn\u00ed.<br>(d) V pr\u00edpade opr\u00e1vnenej reklam\u00e1cie hrad\u00ed v\u0161etky n\u00e1klady Pred\u00e1vaj\u00faci.<\/p>\n\n\n\n<h3 class=\"wp-block-heading\">Z\u00c1VERE\u010cN\u00c9 USTANOVENIA<\/h3>\n\n\n\n<p>(a) Tieto VOP s\u00fa neoddelite\u013enou s\u00fa\u010das\u0165ou ka\u017edej k\u00fapnej zmluvy uzavretej prostredn\u00edctvom e-shopu.<br>(b) V pr\u00edpade sporov sa uplat\u0148uje pr\u00e1vny poriadok Slovenskej republiky a rozhoduj\u00fa pr\u00edslu\u0161n\u00e9 slovensk\u00e9 s\u00fady.<br>(c) Ak sa niektor\u00e9 ustanovenie t\u00fdchto VOP stane neplatn\u00fdm, ostatn\u00e9 \u010dasti zost\u00e1vaj\u00fa v platnosti.<br>(d) Aktu\u00e1lna verzia VOP je v\u017edy zverejnen\u00e1 na str\u00e1nke e-shopu.<br>(e) E-shop <strong>Oranjes Zvolen<\/strong> je projektom realizovan\u00fdm v spolupr\u00e1ci s futbalov\u00fdm klubom ORANJES Zvolen, pri\u010dom predaj a faktur\u00e1ciu zabezpe\u010duje spolo\u010dnos\u0165 Stylish s. r. o.<\/p>\n\n\n\n<p><\/p>\n","protected":false},"excerpt":{"rendered":"<p>V\u0160EOBECN\u00c9 OBCHODN\u00c9 PODMIENKY (VOP) Platn\u00e9 od 1.10.2025. \u00daVODN\u00c9 USTANOVENIA (a) Prev\u00e1dzkovate\u013eom e-shopu dostupn\u00e9ho na adrese https:\/\/www.oranjeszvolen.sk\/eshop\/ je spolo\u010dnos\u0165Stylish s. r. o.so s\u00eddlom: Alexandra Nogr\u00e1dyho 716\/27, 960 01 ZvolenI\u010cO: 53202236DI\u010c: 2121311940Spolo\u010dnos\u0165 je zap\u00edsan\u00e1 v Obchodnom registri Okresn\u00e9ho s\u00fadu Bansk\u00e1 Bystrica, oddiel: Sro, vlo\u017eka \u010d. 39463\/S.E-mail: info@oranjeszvolen.sk(dalej len \u201ePred\u00e1vaj\u00faci\u201c). (b) Kupuj\u00facim je ka\u017ed\u00e1 fyzick\u00e1 alebo pr\u00e1vnick\u00e1 osoba,&#8230;<\/p>\n","protected":false},"author":1,"featured_media":0,"parent":0,"menu_order":0,"comment_status":"closed","ping_status":"closed","template":"","meta":{"_bst_post_transparent":"","_bst_post_title":"","_bst_post_layout":"","_bst_post_sidebar_id":"","_bst_post_content_style":"","_bst_post_vertical_padding":"","_bst_post_feature":"","_bst_post_feature_position":"","_bst_post_header":false,"_bst_post_footer":false,"footnotes":""},"class_list":["post-1146","page","type-page","status-publish","hentry"],"_links":{"self":[{"href":"https:\/\/www.oranjeszvolen.sk\/eshop\/index.php\/wp-json\/wp\/v2\/pages\/1146","targetHints":{"allow":["GET"]}}],"collection":[{"href":"https:\/\/www.oranjeszvolen.sk\/eshop\/index.php\/wp-json\/wp\/v2\/pages"}],"about":[{"href":"https:\/\/www.oranjeszvolen.sk\/eshop\/index.php\/wp-json\/wp\/v2\/types\/page"}],"author":[{"embeddable":true,"href":"https:\/\/www.oranjeszvolen.sk\/eshop\/index.php\/wp-json\/wp\/v2\/users\/1"}],"replies":[{"embeddable":true,"href":"https:\/\/www.oranjeszvolen.sk\/eshop\/index.php\/wp-json\/wp\/v2\/comments?post=1146"}],"version-history":[{"count":2,"href":"https:\/\/www.oranjeszvolen.sk\/eshop\/index.php\/wp-json\/wp\/v2\/pages\/1146\/revisions"}],"predecessor-version":[{"id":1148,"href":"https:\/\/www.oranjeszvolen.sk\/eshop\/index.php\/wp-json\/wp\/v2\/pages\/1146\/revisions\/1148"}],"wp:attachment":[{"href":"https:\/\/www.oranjeszvolen.sk\/eshop\/index.php\/wp-json\/wp\/v2\/media?parent=1146"}],"curies":[{"name":"wp","href":"https:\/\/api.w.org\/{rel}","templated":true}]}}