{"id":3,"date":"2025-05-22T09:54:46","date_gmt":"2025-05-22T07:54:46","guid":{"rendered":"https:\/\/www.oranjeszvolen.sk\/eshop\/?page_id=3"},"modified":"2025-10-16T18:58:12","modified_gmt":"2025-10-16T16:58:12","slug":"ochrana-sukromia","status":"publish","type":"page","link":"https:\/\/www.oranjeszvolen.sk\/eshop\/index.php\/ochrana-sukromia\/","title":{"rendered":"Z\u00e1sady ochrany osobn\u00fdch \u00fadajov"},"content":{"rendered":"\n<h3 class=\"wp-block-heading\">PREV\u00c1DZKOVATE\u013d<\/h3>\n\n\n\n<p><strong>E-shop ORANJES Zvolen<\/strong><br>Zast\u00fapen\u00fd: Stylish s.r.o.<br>I\u010cO: 53202236<br>Adresa: Alexandra Nogr\u00e1dyho 716\/27<br>E-mail: <a>info@oranjeszvolen.sk<\/a><\/p>\n\n\n\n<p>Prev\u00e1dzkovate\u013e sprac\u00fava osobn\u00e9 \u00fadaje v s\u00falade s nariaden\u00edm <strong>GDPR (E\u00da) 2016\/679<\/strong> a z\u00e1konom \u010d. 18\/2018 Z. z. o ochrane osobn\u00fdch \u00fadajov.<\/p>\n\n\n\n<h3 class=\"wp-block-heading\">AK\u00c9 \u00daDAJE SPRAC\u00daVAME<\/h3>\n\n\n\n<p>Sprac\u00favame len \u00fadaje, ktor\u00e9 n\u00e1m dobrovo\u013ene poskytnete:<\/p>\n\n\n\n<ul class=\"wp-block-list\">\n<li>\u00fadaje z kontaktn\u00e9ho formul\u00e1ra<\/li>\n\n\n\n<li>meno a priezvisko<\/li>\n\n\n\n<li>e-mailov\u00e1 adresa<\/li>\n\n\n\n<li>telef\u00f3nne \u010d\u00edslo<\/li>\n\n\n\n<li>adresa doru\u010denia<\/li>\n\n\n\n<li>\u00fadaje o objedn\u00e1vkach<\/li>\n<\/ul>\n\n\n\n<h3 class=\"wp-block-heading\">\u00da\u010cELY SPRACOVANIA<\/h3>\n\n\n\n<p>Osobn\u00e9 \u00fadaje pou\u017e\u00edvame na:<\/p>\n\n\n\n<ul class=\"wp-block-list\">\n<li>plnenie z\u00e1konn\u00fdch povinnost\u00ed (napr. \u00fa\u010dtovn\u00edctvo)<\/li>\n\n\n\n<li>spracovanie a doru\u010denie objedn\u00e1vky<\/li>\n\n\n\n<li>komunik\u00e1ciu so z\u00e1kazn\u00edkom<\/li>\n\n\n\n<li>vystavenie fakt\u00far<\/li>\n\n\n\n<li>zlep\u0161ovanie na\u0161ich slu\u017eieb a webu<\/li>\n<\/ul>\n\n\n\n<h3 class=\"wp-block-heading\">UCHOV\u00c1VANIE \u00daDAJOV<\/h3>\n\n\n\n<p>\u00dadaje uchov\u00e1vame po dobu nevyhnutn\u00fa na splnenie \u00fa\u010delu, najviac v\u0161ak 10 rokov od ukon\u010denia zmluvn\u00e9ho vz\u0165ahu (v zmysle z\u00e1kona o \u00fa\u010dtovn\u00edctve).<\/p>\n\n\n\n<h3 class=\"wp-block-heading\">KOMU \u00daDAJE SPR\u00cdSTUP\u0147UJEME<\/h3>\n\n\n\n<p>Va\u0161e \u00fadaje neposkytujeme tret\u00edm stran\u00e1m, s v\u00fdnimkou:<\/p>\n\n\n\n<ul class=\"wp-block-list\">\n<li>\u00fa\u010dtovn\u00edka<\/li>\n\n\n\n<li>poskytovate\u013ea webhostingu<\/li>\n\n\n\n<li>dopravcu (kuri\u00e9rske spolo\u010dnosti)<\/li>\n\n\n\n<li>org\u00e1nov verejnej moci v pr\u00edpade z\u00e1konnej povinnosti<\/li>\n<\/ul>\n\n\n\n<p>V\u0161etci partneri sprac\u00favaj\u00fa \u00fadaje v s\u00falade s GDPR.<\/p>\n\n\n\n<h3 class=\"wp-block-heading\">VA\u0160E PR\u00c1VA<\/h3>\n\n\n\n<p>M\u00e1te pr\u00e1vo:<\/p>\n\n\n\n<ul class=\"wp-block-list\">\n<li>poda\u0165 s\u0165a\u017enos\u0165 na \u00darade na ochranu osobn\u00fdch \u00fadajov SR<\/li>\n\n\n\n<li>na pr\u00edstup k svojim \u00fadajom<\/li>\n\n\n\n<li>na opravu alebo vymazanie<\/li>\n\n\n\n<li>na obmedzenie spracovania<\/li>\n\n\n\n<li>na prenos \u00fadajov<\/li>\n<\/ul>\n\n\n\n<h3 class=\"wp-block-heading\">KONTAKT PRE UPLATNENIE PR\u00c1V<\/h3>\n\n\n\n<p>V pr\u00edpade ot\u00e1zok alebo \u017eiadosti o v\u00fdmaz \u00fadajov n\u00e1s kontaktujte na: <strong><a>info@oranjeszvolen.sk<\/a><\/strong><\/p>\n\n\n\n<h3 class=\"wp-block-heading\">Z\u00c1VERE\u010cN\u00c9 USTANOVENIA<\/h3>\n\n\n\n<p>Tieto z\u00e1sady m\u00f4\u017eeme aktualizova\u0165 pod\u013ea zmien v legislat\u00edve alebo na\u0161ich slu\u017eb\u00e1ch.<br>Aktu\u00e1lna verzia je v\u017edy dostupn\u00e1 na na\u0161ej webovej str\u00e1nke.<\/p>\n\n\n\n<p><\/p>\n","protected":false},"excerpt":{"rendered":"<p>PREV\u00c1DZKOVATE\u013d E-shop ORANJES ZvolenZast\u00fapen\u00fd: Stylish s.r.o.I\u010cO: 53202236Adresa: Alexandra Nogr\u00e1dyho 716\/27E-mail: info@oranjeszvolen.sk Prev\u00e1dzkovate\u013e sprac\u00fava osobn\u00e9 \u00fadaje v s\u00falade s nariaden\u00edm GDPR (E\u00da) 2016\/679 a z\u00e1konom \u010d. 18\/2018 Z. z. o ochrane osobn\u00fdch \u00fadajov. AK\u00c9 \u00daDAJE SPRAC\u00daVAME Sprac\u00favame len \u00fadaje, ktor\u00e9 n\u00e1m dobrovo\u013ene poskytnete: \u00da\u010cELY SPRACOVANIA Osobn\u00e9 \u00fadaje pou\u017e\u00edvame na: UCHOV\u00c1VANIE \u00daDAJOV \u00dadaje uchov\u00e1vame po dobu nevyhnutn\u00fa&#8230;<\/p>\n","protected":false},"author":1,"featured_media":0,"parent":0,"menu_order":0,"comment_status":"closed","ping_status":"open","template":"","meta":{"_bst_post_transparent":"","_bst_post_title":"","_bst_post_layout":"","_bst_post_sidebar_id":"","_bst_post_content_style":"","_bst_post_vertical_padding":"","_bst_post_feature":"","_bst_post_feature_position":"","_bst_post_header":false,"_bst_post_footer":false,"footnotes":""},"class_list":["post-3","page","type-page","status-publish","hentry"],"_links":{"self":[{"href":"https:\/\/www.oranjeszvolen.sk\/eshop\/index.php\/wp-json\/wp\/v2\/pages\/3","targetHints":{"allow":["GET"]}}],"collection":[{"href":"https:\/\/www.oranjeszvolen.sk\/eshop\/index.php\/wp-json\/wp\/v2\/pages"}],"about":[{"href":"https:\/\/www.oranjeszvolen.sk\/eshop\/index.php\/wp-json\/wp\/v2\/types\/page"}],"author":[{"embeddable":true,"href":"https:\/\/www.oranjeszvolen.sk\/eshop\/index.php\/wp-json\/wp\/v2\/users\/1"}],"replies":[{"embeddable":true,"href":"https:\/\/www.oranjeszvolen.sk\/eshop\/index.php\/wp-json\/wp\/v2\/comments?post=3"}],"version-history":[{"count":4,"href":"https:\/\/www.oranjeszvolen.sk\/eshop\/index.php\/wp-json\/wp\/v2\/pages\/3\/revisions"}],"predecessor-version":[{"id":1154,"href":"https:\/\/www.oranjeszvolen.sk\/eshop\/index.php\/wp-json\/wp\/v2\/pages\/3\/revisions\/1154"}],"wp:attachment":[{"href":"https:\/\/www.oranjeszvolen.sk\/eshop\/index.php\/wp-json\/wp\/v2\/media?parent=3"}],"curies":[{"name":"wp","href":"https:\/\/api.w.org\/{rel}","templated":true}]}}