{"id":7,"date":"2025-05-22T09:55:07","date_gmt":"2025-05-22T07:55:07","guid":{"rendered":"https:\/\/www.oranjeszvolen.sk\/eshop\/index.php\/cart\/"},"modified":"2025-10-24T06:36:50","modified_gmt":"2025-10-24T04:36:50","slug":"cart","status":"publish","type":"page","link":"https:\/\/www.oranjeszvolen.sk\/eshop\/index.php\/cart\/","title":{"rendered":"Cart"},"content":{"rendered":"\n<div data-block-name=\"woocommerce\/cart\" class=\"wp-block-woocommerce-cart alignwide is-loading\">\n<div data-block-name=\"woocommerce\/filled-cart-block\" class=\"wp-block-woocommerce-filled-cart-block\">\n<div data-block-name=\"woocommerce\/cart-items-block\" class=\"wp-block-woocommerce-cart-items-block\">\n<div data-block-name=\"woocommerce\/cart-line-items-block\" class=\"wp-block-woocommerce-cart-line-items-block\"><\/div>\n\n\n\n<div data-block-name=\"woocommerce\/cart-cross-sells-block\" class=\"wp-block-woocommerce-cart-cross-sells-block\">\n<h2 class=\"wp-block-heading has-large-font-size\">You may be interested in\u2026<\/h2>\n\n\n\n<div data-block-name=\"woocommerce\/cart-cross-sells-products-block\" class=\"wp-block-woocommerce-cart-cross-sells-products-block\"><\/div>\n<\/div>\n<\/div>\n\n\n\n<div data-block-name=\"woocommerce\/cart-totals-block\" class=\"wp-block-woocommerce-cart-totals-block\">\n<div data-block-name=\"woocommerce\/cart-order-summary-block\" class=\"wp-block-woocommerce-cart-order-summary-block\">\n<div data-block-name=\"woocommerce\/cart-order-summary-heading-block\" class=\"wp-block-woocommerce-cart-order-summary-heading-block\"><\/div><div data-block-name=\"woocommerce\/cart-order-summary-coupon-form-block\" class=\"wp-block-woocommerce-cart-order-summary-coupon-form-block\"><\/div><div data-block-name=\"woocommerce\/cart-order-summary-totals-block\" class=\"wp-block-woocommerce-cart-order-summary-totals-block\">\n<div data-block-name=\"woocommerce\/cart-order-summary-subtotal-block\" class=\"wp-block-woocommerce-cart-order-summary-subtotal-block\"><\/div>\n<div data-block-name=\"woocommerce\/cart-order-summary-discount-block\" class=\"wp-block-woocommerce-cart-order-summary-discount-block\"><\/div>\n<div data-block-name=\"woocommerce\/cart-order-summary-fee-block\" class=\"wp-block-woocommerce-cart-order-summary-fee-block\"><\/div>\n<div data-block-name=\"woocommerce\/cart-order-summary-shipping-block\" class=\"wp-block-woocommerce-cart-order-summary-shipping-block\"><\/div>\n<div data-block-name=\"woocommerce\/cart-order-summary-taxes-block\" class=\"wp-block-woocommerce-cart-order-summary-taxes-block\"><\/div><\/div>\n<\/div>\n\n\n\n<div data-block-name=\"woocommerce\/cart-express-payment-block\" class=\"wp-block-woocommerce-cart-express-payment-block\"><\/div>\n\n\n\n<div data-block-name=\"woocommerce\/proceed-to-checkout-block\" class=\"wp-block-woocommerce-proceed-to-checkout-block\"><\/div>\n\n\n\n<div data-block-name=\"woocommerce\/cart-accepted-payment-methods-block\" class=\"wp-block-woocommerce-cart-accepted-payment-methods-block\"><\/div>\n<\/div>\n<\/div>\n\n\n\n<div data-block-name=\"woocommerce\/empty-cart-block\" class=\"wp-block-woocommerce-empty-cart-block\">\n<h2 class=\"wp-block-heading has-text-align-center with-empty-cart-icon wc-block-cart__empty-cart__title\">Your cart is currently empty!<\/h2>\n\n\n\n<hr class=\"wp-block-separator has-alpha-channel-opacity is-style-dots\"\/>\n\n\n\n<h2 class=\"wp-block-heading has-text-align-center\">New in store<\/h2>\n\n\n<div data-block-name=\"woocommerce\/product-new\" data-columns=\"4\" data-rows=\"1\" class=\"wc-block-grid wp-block-product-new wp-block-woocommerce-product-new wc-block-product-new has-4-columns\"><ul class=\"wc-block-grid__products\"><li class=\"wc-block-grid__product entry loop-entry content-bg woo-archive-visible woo-archive-btn-button product-loop-unboxed woo-archive-image-hover-fade\"><a href=\"https:\/\/www.oranjeszvolen.sk\/eshop\/index.php\/product\/softshellova-celenka\/\" class=\"wc-block-grid__product-link woocommerce-loop-image-link woocommerce-LoopProduct-link woocommerce-loop-product__link\" aria-label=\"Softshellov\u00e1 \u0161portov\u00e1 \u010delenka\">\n\t\t\t\t\t<img fetchpriority=\"high\" decoding=\"async\" width=\"270\" height=\"300\" src=\"https:\/\/www.oranjeszvolen.sk\/eshop\/wp-content\/uploads\/2025\/10\/celenka-1-270x300.jpg\" class=\"attachment-woocommerce_thumbnail size-woocommerce_thumbnail\" alt=\"Softshellov\u00e1 \u0161portov\u00e1 \u010delenka\" srcset=\"https:\/\/www.oranjeszvolen.sk\/eshop\/wp-content\/uploads\/2025\/10\/celenka-1-270x300.jpg 270w, https:\/\/www.oranjeszvolen.sk\/eshop\/wp-content\/uploads\/2025\/10\/celenka-1-768x853.jpg 768w, https:\/\/www.oranjeszvolen.sk\/eshop\/wp-content\/uploads\/2025\/10\/celenka-1-600x667.jpg 600w, https:\/\/www.oranjeszvolen.sk\/eshop\/wp-content\/uploads\/2025\/10\/celenka-1.jpg 800w\" sizes=\"(max-width: 270px) 100vw, 270px\" \/>\n\t\t\t\t\t\n\t\t\t\t<\/a>\n\t\t\t\t<div class=\"product-details content-bg entry-content-wrap\">\n\t\t\t\t\t<a href=\"https:\/\/www.oranjeszvolen.sk\/eshop\/index.php\/product\/softshellova-celenka\/\" class=\"wc-block-grid__product-title-link\">\n\t\t\t\t\t\t<div class=\"wc-block-grid__product-title\">Softshellov\u00e1 \u0161portov\u00e1 \u010delenka<\/div>\n\t\t\t\t\t<\/a>\n\t\t\t\t\t\n\t\t\t\t\t<div class=\"wc-block-grid__product-price price\"><span class=\"price\"><span class=\"woocommerce-Price-amount amount\">6&nbsp;<span class=\"woocommerce-Price-currencySymbol\">&euro;<\/span><\/span><\/span><\/div>\n\t\t\t\t\t<div class=\"wp-block-button wc-block-grid__product-add-to-cart style-button\"><a href=\"\/eshop\/index.php\/wp-json\/wp\/v2\/pages\/7?add-to-cart=1081\" aria-label=\"Prida\u0165 do ko\u0161\u00edka: \u201eSoftshellov\u00e1 \u0161portov\u00e1 \u010delenka\u201c\" data-quantity=\"1\" data-product_id=\"1081\" data-product_sku=\"B 316\" rel=\"nofollow\" class=\"wp-block-button__link add_to_cart_button ajax_add_to_cart\">Prida\u0165 do ko\u0161\u00edka<span class=\"base-svg-iconset svg-baseline\"><svg class=\"base-svg-icon base-spinner-svg\" fill=\"currentColor\" version=\"1.1\" xmlns=\"http:\/\/www.w3.org\/2000\/svg\" width=\"16\" height=\"16\" viewBox=\"0 0 16 16\"><title>Loading<\/title><path d=\"M16 6h-6l2.243-2.243c-1.133-1.133-2.64-1.757-4.243-1.757s-3.109 0.624-4.243 1.757c-1.133 1.133-1.757 2.64-1.757 4.243s0.624 3.109 1.757 4.243c1.133 1.133 2.64 1.757 4.243 1.757s3.109-0.624 4.243-1.757c0.095-0.095 0.185-0.192 0.273-0.292l1.505 1.317c-1.466 1.674-3.62 2.732-6.020 2.732-4.418 0-8-3.582-8-8s3.582-8 8-8c2.209 0 4.209 0.896 5.656 2.344l2.343-2.344v6z\"><\/path>\n\t\t\t\t<\/svg><\/span><span class=\"base-svg-iconset svg-baseline\"><svg class=\"base-svg-icon base-check-svg\" fill=\"currentColor\" version=\"1.1\" xmlns=\"http:\/\/www.w3.org\/2000\/svg\" width=\"16\" height=\"16\" viewBox=\"0 0 16 16\"><title>Done<\/title><path d=\"M14 2.5l-8.5 8.5-3.5-3.5-1.5 1.5 5 5 10-10z\"><\/path>\n\t\t\t\t<\/svg><\/span><\/a><\/div>\n\t\t\t\t<\/div>\n\t\t\t<\/li><li class=\"wc-block-grid__product entry loop-entry content-bg woo-archive-visible woo-archive-btn-button product-loop-unboxed woo-archive-image-hover-fade\"><a href=\"https:\/\/www.oranjeszvolen.sk\/eshop\/index.php\/product\/funkcne-sortky-erima\/\" class=\"wc-block-grid__product-link woocommerce-loop-image-link woocommerce-LoopProduct-link woocommerce-loop-product__link\" aria-label=\"Funk\u010dn\u00e9 \u0161ortky ERIMA\">\n\t\t\t\t\t<img decoding=\"async\" width=\"270\" height=\"300\" src=\"https:\/\/www.oranjeszvolen.sk\/eshop\/wp-content\/uploads\/2025\/10\/sortky-trener-270x300.jpg\" class=\"attachment-woocommerce_thumbnail size-woocommerce_thumbnail\" alt=\"Funk\u010dn\u00e9 \u0161ortky ERIMA\" srcset=\"https:\/\/www.oranjeszvolen.sk\/eshop\/wp-content\/uploads\/2025\/10\/sortky-trener-270x300.jpg 270w, https:\/\/www.oranjeszvolen.sk\/eshop\/wp-content\/uploads\/2025\/10\/sortky-trener-768x853.jpg 768w, https:\/\/www.oranjeszvolen.sk\/eshop\/wp-content\/uploads\/2025\/10\/sortky-trener-600x667.jpg 600w, https:\/\/www.oranjeszvolen.sk\/eshop\/wp-content\/uploads\/2025\/10\/sortky-trener.jpg 800w\" sizes=\"(max-width: 270px) 100vw, 270px\" \/>\n\t\t\t\t\t\n\t\t\t\t<\/a>\n\t\t\t\t<div class=\"product-details content-bg entry-content-wrap\">\n\t\t\t\t\t<a href=\"https:\/\/www.oranjeszvolen.sk\/eshop\/index.php\/product\/funkcne-sortky-erima\/\" class=\"wc-block-grid__product-title-link\">\n\t\t\t\t\t\t<div class=\"wc-block-grid__product-title\">Funk\u010dn\u00e9 \u0161ortky ERIMA<\/div>\n\t\t\t\t\t<\/a>\n\t\t\t\t\t\n\t\t\t\t\t<div class=\"wc-block-grid__product-price price\"><span class=\"price\"><span class=\"woocommerce-Price-amount amount\">23&nbsp;<span class=\"woocommerce-Price-currencySymbol\">&euro;<\/span><\/span><\/span><\/div>\n\t\t\t\t\t<div class=\"wp-block-button wc-block-grid__product-add-to-cart style-button\"><a href=\"https:\/\/www.oranjeszvolen.sk\/eshop\/index.php\/product\/funkcne-sortky-erima\/\" aria-label=\"V\u00fdber nastaven\u00ed pre &ldquo;Funk\u010dn\u00e9 \u0161ortky ERIMA&rdquo;\" data-quantity=\"1\" data-product_id=\"1074\" data-product_sku=\"1152210\" rel=\"nofollow\" class=\"wp-block-button__link add_to_cart_button\">V\u00fdber mo\u017enost\u00ed<span class=\"base-svg-iconset svg-baseline\"><svg class=\"base-svg-icon base-spinner-svg\" fill=\"currentColor\" version=\"1.1\" xmlns=\"http:\/\/www.w3.org\/2000\/svg\" width=\"16\" height=\"16\" viewBox=\"0 0 16 16\"><title>Loading<\/title><path d=\"M16 6h-6l2.243-2.243c-1.133-1.133-2.64-1.757-4.243-1.757s-3.109 0.624-4.243 1.757c-1.133 1.133-1.757 2.64-1.757 4.243s0.624 3.109 1.757 4.243c1.133 1.133 2.64 1.757 4.243 1.757s3.109-0.624 4.243-1.757c0.095-0.095 0.185-0.192 0.273-0.292l1.505 1.317c-1.466 1.674-3.62 2.732-6.020 2.732-4.418 0-8-3.582-8-8s3.582-8 8-8c2.209 0 4.209 0.896 5.656 2.344l2.343-2.344v6z\"><\/path>\n\t\t\t\t<\/svg><\/span><span class=\"base-svg-iconset svg-baseline\"><svg class=\"base-svg-icon base-check-svg\" fill=\"currentColor\" version=\"1.1\" xmlns=\"http:\/\/www.w3.org\/2000\/svg\" width=\"16\" height=\"16\" viewBox=\"0 0 16 16\"><title>Done<\/title><path d=\"M14 2.5l-8.5 8.5-3.5-3.5-1.5 1.5 5 5 10-10z\"><\/path>\n\t\t\t\t<\/svg><\/span><\/a><\/div>\n\t\t\t\t<\/div>\n\t\t\t<\/li><li class=\"wc-block-grid__product entry loop-entry content-bg woo-archive-visible woo-archive-btn-button product-loop-unboxed woo-archive-image-hover-fade\"><a href=\"https:\/\/www.oranjeszvolen.sk\/eshop\/index.php\/product\/tricko-erima\/\" class=\"wc-block-grid__product-link woocommerce-loop-image-link woocommerce-LoopProduct-link woocommerce-loop-product__link\" aria-label=\"Funk\u010dn\u00e9 tri\u010dko ERIMA\">\n\t\t\t\t\t<img decoding=\"async\" width=\"270\" height=\"300\" src=\"https:\/\/www.oranjeszvolen.sk\/eshop\/wp-content\/uploads\/2025\/10\/dres-trener-270x300.jpg\" class=\"attachment-woocommerce_thumbnail size-woocommerce_thumbnail\" alt=\"Funk\u010dn\u00e9 tri\u010dko ERIMA\" srcset=\"https:\/\/www.oranjeszvolen.sk\/eshop\/wp-content\/uploads\/2025\/10\/dres-trener-270x300.jpg 270w, https:\/\/www.oranjeszvolen.sk\/eshop\/wp-content\/uploads\/2025\/10\/dres-trener-768x853.jpg 768w, https:\/\/www.oranjeszvolen.sk\/eshop\/wp-content\/uploads\/2025\/10\/dres-trener-600x667.jpg 600w, https:\/\/www.oranjeszvolen.sk\/eshop\/wp-content\/uploads\/2025\/10\/dres-trener.jpg 800w\" sizes=\"(max-width: 270px) 100vw, 270px\" \/>\n\t\t\t\t\t\n\t\t\t\t<\/a>\n\t\t\t\t<div class=\"product-details content-bg entry-content-wrap\">\n\t\t\t\t\t<a href=\"https:\/\/www.oranjeszvolen.sk\/eshop\/index.php\/product\/tricko-erima\/\" class=\"wc-block-grid__product-title-link\">\n\t\t\t\t\t\t<div class=\"wc-block-grid__product-title\">Funk\u010dn\u00e9 tri\u010dko ERIMA<\/div>\n\t\t\t\t\t<\/a>\n\t\t\t\t\t\n\t\t\t\t\t<div class=\"wc-block-grid__product-price price\"><span class=\"price\"><span class=\"woocommerce-Price-amount amount\">28&nbsp;<span class=\"woocommerce-Price-currencySymbol\">&euro;<\/span><\/span><\/span><\/div>\n\t\t\t\t\t<div class=\"wp-block-button wc-block-grid__product-add-to-cart style-button\"><a href=\"https:\/\/www.oranjeszvolen.sk\/eshop\/index.php\/product\/tricko-erima\/\" aria-label=\"V\u00fdber nastaven\u00ed pre &ldquo;Funk\u010dn\u00e9 tri\u010dko ERIMA&rdquo;\" data-quantity=\"1\" data-product_id=\"1065\" data-product_sku=\"1082205\" rel=\"nofollow\" class=\"wp-block-button__link add_to_cart_button\">V\u00fdber mo\u017enost\u00ed<span class=\"base-svg-iconset svg-baseline\"><svg class=\"base-svg-icon base-spinner-svg\" fill=\"currentColor\" version=\"1.1\" xmlns=\"http:\/\/www.w3.org\/2000\/svg\" width=\"16\" height=\"16\" viewBox=\"0 0 16 16\"><title>Loading<\/title><path d=\"M16 6h-6l2.243-2.243c-1.133-1.133-2.64-1.757-4.243-1.757s-3.109 0.624-4.243 1.757c-1.133 1.133-1.757 2.64-1.757 4.243s0.624 3.109 1.757 4.243c1.133 1.133 2.64 1.757 4.243 1.757s3.109-0.624 4.243-1.757c0.095-0.095 0.185-0.192 0.273-0.292l1.505 1.317c-1.466 1.674-3.62 2.732-6.020 2.732-4.418 0-8-3.582-8-8s3.582-8 8-8c2.209 0 4.209 0.896 5.656 2.344l2.343-2.344v6z\"><\/path>\n\t\t\t\t<\/svg><\/span><span class=\"base-svg-iconset svg-baseline\"><svg class=\"base-svg-icon base-check-svg\" fill=\"currentColor\" version=\"1.1\" xmlns=\"http:\/\/www.w3.org\/2000\/svg\" width=\"16\" height=\"16\" viewBox=\"0 0 16 16\"><title>Done<\/title><path d=\"M14 2.5l-8.5 8.5-3.5-3.5-1.5 1.5 5 5 10-10z\"><\/path>\n\t\t\t\t<\/svg><\/span><\/a><\/div>\n\t\t\t\t<\/div>\n\t\t\t<\/li><li class=\"wc-block-grid__product entry loop-entry content-bg woo-archive-visible woo-archive-btn-button product-loop-unboxed woo-archive-image-hover-fade\"><a href=\"https:\/\/www.oranjeszvolen.sk\/eshop\/index.php\/product\/oranjes-ultras\/\" class=\"wc-block-grid__product-link woocommerce-loop-image-link woocommerce-LoopProduct-link woocommerce-loop-product__link\" aria-label=\"Oranjes Ultras\">\n\t\t\t\t\t<img loading=\"lazy\" decoding=\"async\" width=\"270\" height=\"300\" src=\"https:\/\/www.oranjeszvolen.sk\/eshop\/wp-content\/uploads\/2025\/10\/tshirt-hooligans-2-270x300.jpg\" class=\"attachment-woocommerce_thumbnail size-woocommerce_thumbnail\" alt=\"Oranjes Ultras\" srcset=\"https:\/\/www.oranjeszvolen.sk\/eshop\/wp-content\/uploads\/2025\/10\/tshirt-hooligans-2-270x300.jpg 270w, https:\/\/www.oranjeszvolen.sk\/eshop\/wp-content\/uploads\/2025\/10\/tshirt-hooligans-2-768x853.jpg 768w, https:\/\/www.oranjeszvolen.sk\/eshop\/wp-content\/uploads\/2025\/10\/tshirt-hooligans-2-600x667.jpg 600w, https:\/\/www.oranjeszvolen.sk\/eshop\/wp-content\/uploads\/2025\/10\/tshirt-hooligans-2.jpg 800w\" sizes=\"(max-width: 270px) 100vw, 270px\" \/>\n\t\t\t\t\t\n\t\t\t\t<\/a>\n\t\t\t\t<div class=\"product-details content-bg entry-content-wrap\">\n\t\t\t\t\t<a href=\"https:\/\/www.oranjeszvolen.sk\/eshop\/index.php\/product\/oranjes-ultras\/\" class=\"wc-block-grid__product-title-link\">\n\t\t\t\t\t\t<div class=\"wc-block-grid__product-title\">Oranjes Ultras<\/div>\n\t\t\t\t\t<\/a>\n\t\t\t\t\t\n\t\t\t\t\t<div class=\"wc-block-grid__product-price price\"><span class=\"price\"><span class=\"woocommerce-Price-amount amount\">20&nbsp;<span class=\"woocommerce-Price-currencySymbol\">&euro;<\/span><\/span><\/span><\/div>\n\t\t\t\t\t<div class=\"wp-block-button wc-block-grid__product-add-to-cart style-button\"><a href=\"https:\/\/www.oranjeszvolen.sk\/eshop\/index.php\/product\/oranjes-ultras\/\" aria-label=\"V\u00fdber nastaven\u00ed pre &ldquo;Oranjes Ultras&rdquo;\" data-quantity=\"1\" data-product_id=\"1058\" data-product_sku=\"16.142\" rel=\"nofollow\" class=\"wp-block-button__link add_to_cart_button\">V\u00fdber mo\u017enost\u00ed<span class=\"base-svg-iconset svg-baseline\"><svg class=\"base-svg-icon base-spinner-svg\" fill=\"currentColor\" version=\"1.1\" xmlns=\"http:\/\/www.w3.org\/2000\/svg\" width=\"16\" height=\"16\" viewBox=\"0 0 16 16\"><title>Loading<\/title><path d=\"M16 6h-6l2.243-2.243c-1.133-1.133-2.64-1.757-4.243-1.757s-3.109 0.624-4.243 1.757c-1.133 1.133-1.757 2.64-1.757 4.243s0.624 3.109 1.757 4.243c1.133 1.133 2.64 1.757 4.243 1.757s3.109-0.624 4.243-1.757c0.095-0.095 0.185-0.192 0.273-0.292l1.505 1.317c-1.466 1.674-3.62 2.732-6.020 2.732-4.418 0-8-3.582-8-8s3.582-8 8-8c2.209 0 4.209 0.896 5.656 2.344l2.343-2.344v6z\"><\/path>\n\t\t\t\t<\/svg><\/span><span class=\"base-svg-iconset svg-baseline\"><svg class=\"base-svg-icon base-check-svg\" fill=\"currentColor\" version=\"1.1\" xmlns=\"http:\/\/www.w3.org\/2000\/svg\" width=\"16\" height=\"16\" viewBox=\"0 0 16 16\"><title>Done<\/title><path d=\"M14 2.5l-8.5 8.5-3.5-3.5-1.5 1.5 5 5 10-10z\"><\/path>\n\t\t\t\t<\/svg><\/span><\/a><\/div>\n\t\t\t\t<\/div>\n\t\t\t<\/li><\/ul><\/div><\/div>\n<\/div>\n","protected":false},"excerpt":{"rendered":"","protected":false},"author":1,"featured_media":0,"parent":0,"menu_order":0,"comment_status":"closed","ping_status":"closed","template":"","meta":{"_bst_post_transparent":"","_bst_post_title":"","_bst_post_layout":"","_bst_post_sidebar_id":"","_bst_post_content_style":"","_bst_post_vertical_padding":"","_bst_post_feature":"","_bst_post_feature_position":"","_bst_post_header":false,"_bst_post_footer":false,"footnotes":""},"class_list":["post-7","page","type-page","status-publish","hentry"],"_links":{"self":[{"href":"https:\/\/www.oranjeszvolen.sk\/eshop\/index.php\/wp-json\/wp\/v2\/pages\/7","targetHints":{"allow":["GET"]}}],"collection":[{"href":"https:\/\/www.oranjeszvolen.sk\/eshop\/index.php\/wp-json\/wp\/v2\/pages"}],"about":[{"href":"https:\/\/www.oranjeszvolen.sk\/eshop\/index.php\/wp-json\/wp\/v2\/types\/page"}],"author":[{"embeddable":true,"href":"https:\/\/www.oranjeszvolen.sk\/eshop\/index.php\/wp-json\/wp\/v2\/users\/1"}],"replies":[{"embeddable":true,"href":"https:\/\/www.oranjeszvolen.sk\/eshop\/index.php\/wp-json\/wp\/v2\/comments?post=7"}],"version-history":[{"count":1,"href":"https:\/\/www.oranjeszvolen.sk\/eshop\/index.php\/wp-json\/wp\/v2\/pages\/7\/revisions"}],"predecessor-version":[{"id":682,"href":"https:\/\/www.oranjeszvolen.sk\/eshop\/index.php\/wp-json\/wp\/v2\/pages\/7\/revisions\/682"}],"wp:attachment":[{"href":"https:\/\/www.oranjeszvolen.sk\/eshop\/index.php\/wp-json\/wp\/v2\/media?parent=7"}],"curies":[{"name":"wp","href":"https:\/\/api.w.org\/{rel}","templated":true}]}}