{"id":1050,"date":"2025-10-07T01:29:57","date_gmt":"2025-10-06T23:29:57","guid":{"rendered":"https:\/\/www.oranjeszvolen.sk\/eshop\/?post_type=product&#038;p=1050"},"modified":"2025-10-24T04:07:51","modified_gmt":"2025-10-24T02:07:51","slug":"dres-replika","status":"publish","type":"product","link":"https:\/\/www.oranjeszvolen.sk\/eshop\/index.php\/product\/dres-replika\/","title":{"rendered":"Replika dresu ORANJES"},"content":{"rendered":"<p>Replika hern\u00e9ho dresu pre prav\u00fdch fan\u00fa\u0161ikov. Mo\u017enos\u0165 pridania vlastn\u00e9ho mena a \u010d\u00edsla pod\u013ea \u017eelania. \u010c\u00edslo, pr\u00edpadne Meno uve\u010fte do pozn\u00e1mky k objedn\u00e1vke.<\/p>\n<p><img decoding=\"async\" src=\"https:\/\/www.oranjeszvolen.sk\/eshop\/wp-content\/uploads\/2025\/10\/3b_Velkostna-tabulka-futbalove-dresy-DOSPELI_upscayl_3x_realesrgan-x4plus.png\" alt=\"3b_Velkostna-tabulka-futbalove-dresy-DOSPELI_upscayl_3x_realesrgan-x4plus.png (400\u00d7542)\" \/><\/p>\n","protected":false},"excerpt":{"rendered":"<p>Replika hern\u00e9ho dresu pre prav\u00fdch fan\u00fa\u0161ikov.<\/p>\n","protected":false},"featured_media":1057,"template":"","meta":{"_bst_post_transparent":"default","_bst_post_title":"","_bst_post_layout":"default","_bst_post_sidebar_id":"","_bst_post_content_style":"default","_bst_post_vertical_padding":"default","_bst_post_feature":"","_bst_post_feature_position":"","_bst_post_header":false,"_bst_post_footer":false},"product_brand":[],"product_cat":[92,97],"product_tag":[],"product_brands":[],"class_list":{"0":"post-1050","1":"product","2":"type-product","3":"status-publish","4":"has-post-thumbnail","6":"product_cat-fanusik","7":"product_cat-oblecenie-fanusik","9":"first","10":"instock","11":"shipping-taxable","12":"purchasable","13":"product-type-variable","14":"entry","15":"content-bg","16":"loop-entry"},"_links":{"self":[{"href":"https:\/\/www.oranjeszvolen.sk\/eshop\/index.php\/wp-json\/wp\/v2\/product\/1050","targetHints":{"allow":["GET"]}}],"collection":[{"href":"https:\/\/www.oranjeszvolen.sk\/eshop\/index.php\/wp-json\/wp\/v2\/product"}],"about":[{"href":"https:\/\/www.oranjeszvolen.sk\/eshop\/index.php\/wp-json\/wp\/v2\/types\/product"}],"wp:featuredmedia":[{"embeddable":true,"href":"https:\/\/www.oranjeszvolen.sk\/eshop\/index.php\/wp-json\/wp\/v2\/media\/1057"}],"wp:attachment":[{"href":"https:\/\/www.oranjeszvolen.sk\/eshop\/index.php\/wp-json\/wp\/v2\/media?parent=1050"}],"wp:term":[{"taxonomy":"product_brand","embeddable":true,"href":"https:\/\/www.oranjeszvolen.sk\/eshop\/index.php\/wp-json\/wp\/v2\/product_brand?post=1050"},{"taxonomy":"product_cat","embeddable":true,"href":"https:\/\/www.oranjeszvolen.sk\/eshop\/index.php\/wp-json\/wp\/v2\/product_cat?post=1050"},{"taxonomy":"product_tag","embeddable":true,"href":"https:\/\/www.oranjeszvolen.sk\/eshop\/index.php\/wp-json\/wp\/v2\/product_tag?post=1050"},{"taxonomy":"product_brands","embeddable":true,"href":"https:\/\/www.oranjeszvolen.sk\/eshop\/index.php\/wp-json\/wp\/v2\/product_brands?post=1050"}],"curies":[{"name":"wp","href":"https:\/\/api.w.org\/{rel}","templated":true}]}}