{"id":1058,"date":"2025-10-07T01:57:49","date_gmt":"2025-10-06T23:57:49","guid":{"rendered":"https:\/\/www.oranjeszvolen.sk\/eshop\/?post_type=product&#038;p=1058"},"modified":"2025-10-24T05:06:25","modified_gmt":"2025-10-24T03:06:25","slug":"oranjes-ultras","status":"publish","type":"product","link":"https:\/\/www.oranjeszvolen.sk\/eshop\/index.php\/product\/oranjes-ultras\/","title":{"rendered":"Oranjes Ultras"},"content":{"rendered":"<p data-start=\"179\" data-end=\"324\">Kvalitn\u00e9 bavlnen\u00e9 tri\u010dko pre v\u0161etk\u00fdch priaznivcov <strong data-start=\"250\" data-end=\"268\">Oranjes Zvolen<\/strong> s farebnou potla\u010dou.<\/p>\n<p data-start=\"331\" data-end=\"346\"><strong data-start=\"331\" data-end=\"344\">Materi\u00e1l:<\/strong><\/p>\n<ul data-start=\"347\" data-end=\"452\">\n<li data-start=\"347\" data-end=\"379\"><strong data-start=\"430\" data-end=\"441\">Gram\u00e1\u017e:<\/strong> 195 g\/m\u00b2<\/li>\n<li data-start=\"347\" data-end=\"379\">\n<p data-start=\"349\" data-end=\"379\">100 % \u010desan\u00e1 ringspun bavlna<\/p>\n<\/li>\n<li data-start=\"380\" data-end=\"452\">\n<p data-start=\"382\" data-end=\"452\">(mel\u00edrovan\u00e1 siv\u00e1: 97 % bavlna, 3 % polyester)<\/p>\n<\/li>\n<\/ul>\n<p data-start=\"382\" data-end=\"452\"><strong style=\"letter-spacing: 0.3px;\" data-start=\"454\" data-end=\"464\">Strih:<\/strong><span style=\"letter-spacing: 0.3px;\"> klasick\u00fd unisex<br \/>\n<\/span><\/p>\n<p><img fetchpriority=\"high\" decoding=\"async\" class=\"\" src=\"https:\/\/www.cottonclassics.com\/en\/media\/catalog\/product\/G\/T\/GT_161422_f-o-l-_iconic-195-t_0ad11308-809c-4279-a815-4cbbd1a50591_web.jpg\" width=\"267\" height=\"240\" \/><\/p>\n","protected":false},"excerpt":{"rendered":"<p>Kvalitn\u00e9 bavlnen\u00e9 tri\u010dko pre v\u0161etk\u00fdch priaznivcov <strong data-start=\"250\" data-end=\"268\">Oranjes Zvolen<\/strong> s farebnou potla\u010dou.<\/p>\n","protected":false},"featured_media":1308,"template":"","meta":{"_bst_post_transparent":"default","_bst_post_title":"","_bst_post_layout":"default","_bst_post_sidebar_id":"","_bst_post_content_style":"default","_bst_post_vertical_padding":"default","_bst_post_feature":"","_bst_post_feature_position":"","_bst_post_header":false,"_bst_post_footer":false},"product_brand":[],"product_cat":[92,97,57],"product_tag":[],"product_brands":[],"class_list":{"0":"post-1058","1":"product","2":"type-product","3":"status-publish","4":"has-post-thumbnail","6":"product_cat-fanusik","7":"product_cat-oblecenie-fanusik","8":"product_cat-vsetky-produkty","10":"first","11":"instock","12":"shipping-taxable","13":"purchasable","14":"product-type-variable","15":"entry","16":"content-bg","17":"loop-entry"},"_links":{"self":[{"href":"https:\/\/www.oranjeszvolen.sk\/eshop\/index.php\/wp-json\/wp\/v2\/product\/1058","targetHints":{"allow":["GET"]}}],"collection":[{"href":"https:\/\/www.oranjeszvolen.sk\/eshop\/index.php\/wp-json\/wp\/v2\/product"}],"about":[{"href":"https:\/\/www.oranjeszvolen.sk\/eshop\/index.php\/wp-json\/wp\/v2\/types\/product"}],"wp:featuredmedia":[{"embeddable":true,"href":"https:\/\/www.oranjeszvolen.sk\/eshop\/index.php\/wp-json\/wp\/v2\/media\/1308"}],"wp:attachment":[{"href":"https:\/\/www.oranjeszvolen.sk\/eshop\/index.php\/wp-json\/wp\/v2\/media?parent=1058"}],"wp:term":[{"taxonomy":"product_brand","embeddable":true,"href":"https:\/\/www.oranjeszvolen.sk\/eshop\/index.php\/wp-json\/wp\/v2\/product_brand?post=1058"},{"taxonomy":"product_cat","embeddable":true,"href":"https:\/\/www.oranjeszvolen.sk\/eshop\/index.php\/wp-json\/wp\/v2\/product_cat?post=1058"},{"taxonomy":"product_tag","embeddable":true,"href":"https:\/\/www.oranjeszvolen.sk\/eshop\/index.php\/wp-json\/wp\/v2\/product_tag?post=1058"},{"taxonomy":"product_brands","embeddable":true,"href":"https:\/\/www.oranjeszvolen.sk\/eshop\/index.php\/wp-json\/wp\/v2\/product_brands?post=1058"}],"curies":[{"name":"wp","href":"https:\/\/api.w.org\/{rel}","templated":true}]}}