{"id":1065,"date":"2025-10-08T23:09:18","date_gmt":"2025-10-08T21:09:18","guid":{"rendered":"https:\/\/www.oranjeszvolen.sk\/eshop\/?post_type=product&#038;p=1065"},"modified":"2025-10-24T03:54:56","modified_gmt":"2025-10-24T01:54:56","slug":"tricko-erima","status":"publish","type":"product","link":"https:\/\/www.oranjeszvolen.sk\/eshop\/index.php\/product\/tricko-erima\/","title":{"rendered":"Funk\u010dn\u00e9 tri\u010dko ERIMA"},"content":{"rendered":"<p>\u0160t\u00fdlov\u00e9 a funk\u010dn\u00e9 tri\u010dko <strong data-start=\"373\" data-end=\"392\">ERIMA Six Wings<\/strong> sp\u00e1ja modern\u00fd \u0161portov\u00fd dizajn s vysok\u00fdm komfortom. V\u010faka r\u00fdchloschn\u00facemu materi\u00e1lu je ide\u00e1lne na tr\u00e9ning aj vo\u013en\u00fd \u010das. Dvojfarebn\u00fd vzh\u013ead a ikonick\u00e9 kr\u00eddlo ERIMA na ramene dod\u00e1vaj\u00fa tri\u010dku jedine\u010dn\u00fd charakter.<\/p>\n<ul data-start=\"1192\" data-end=\"1423\">\n<li data-start=\"1192\" data-end=\"1241\">\n<p data-start=\"1194\" data-end=\"1241\">\u013dahk\u00fd a r\u00fdchloschn\u00faci funk\u010dn\u00fd materi\u00e1l<\/p>\n<\/li>\n<li data-start=\"1242\" data-end=\"1302\">ERIMA wing dizajn na ramene<\/li>\n<li data-start=\"1342\" data-end=\"1379\">\n<p data-start=\"1344\" data-end=\"1379\">Dvojfarebn\u00fd modern\u00fd vzh\u013ead<\/p>\n<\/li>\n<li data-start=\"1380\" data-end=\"1423\">\n<p data-start=\"1382\" data-end=\"1423\">Ide\u00e1lne na tr\u00e9ning aj vo\u013en\u00fd \u010das<\/p>\n<\/li>\n<\/ul>\n<p data-start=\"1430\" data-end=\"1449\">Materi\u00e1l: 100 % polyester<\/p>\n<p data-start=\"1430\" data-end=\"1449\"><img fetchpriority=\"high\" decoding=\"async\" class=\"\" src=\"https:\/\/www.oranjeszvolen.sk\/eshop\/wp-content\/uploads\/2025\/10\/erima-velkostna-tabulka.png\" alt=\"erima-velkostna-tabulka.png (704\u00d7442)\" width=\"577\" height=\"362\" \/><\/p>\n","protected":false},"excerpt":{"rendered":"<p>Funk\u010dn\u00fd materi\u00e1l <strong data-start=\"978\" data-end=\"994\">r\u00fdchlo schne<\/strong>, v\u00fdborne odv\u00e1dza vlhkos\u0165 a poskytuje maxim\u00e1lny komfort po\u010das cel\u00e9ho d\u0148a. Klasick\u00fd <strong data-start=\"1077\" data-end=\"1106\">okr\u00fahly v\u00fdstrih<\/strong> zaru\u010duje pohodln\u00e9 nosenie bez obmedzenia pohybu.<\/p>\n","protected":false},"featured_media":1072,"template":"","meta":{"_bst_post_transparent":"default","_bst_post_title":"","_bst_post_layout":"default","_bst_post_sidebar_id":"","_bst_post_content_style":"default","_bst_post_vertical_padding":"default","_bst_post_feature":"","_bst_post_feature_position":"","_bst_post_header":false,"_bst_post_footer":false},"product_brand":[],"product_cat":[93],"product_tag":[],"product_brands":[],"class_list":{"0":"post-1065","1":"product","2":"type-product","3":"status-publish","4":"has-post-thumbnail","6":"product_cat-trener","8":"first","9":"instock","10":"shipping-taxable","11":"purchasable","12":"product-type-variable","13":"entry","14":"content-bg","15":"loop-entry"},"_links":{"self":[{"href":"https:\/\/www.oranjeszvolen.sk\/eshop\/index.php\/wp-json\/wp\/v2\/product\/1065","targetHints":{"allow":["GET"]}}],"collection":[{"href":"https:\/\/www.oranjeszvolen.sk\/eshop\/index.php\/wp-json\/wp\/v2\/product"}],"about":[{"href":"https:\/\/www.oranjeszvolen.sk\/eshop\/index.php\/wp-json\/wp\/v2\/types\/product"}],"wp:featuredmedia":[{"embeddable":true,"href":"https:\/\/www.oranjeszvolen.sk\/eshop\/index.php\/wp-json\/wp\/v2\/media\/1072"}],"wp:attachment":[{"href":"https:\/\/www.oranjeszvolen.sk\/eshop\/index.php\/wp-json\/wp\/v2\/media?parent=1065"}],"wp:term":[{"taxonomy":"product_brand","embeddable":true,"href":"https:\/\/www.oranjeszvolen.sk\/eshop\/index.php\/wp-json\/wp\/v2\/product_brand?post=1065"},{"taxonomy":"product_cat","embeddable":true,"href":"https:\/\/www.oranjeszvolen.sk\/eshop\/index.php\/wp-json\/wp\/v2\/product_cat?post=1065"},{"taxonomy":"product_tag","embeddable":true,"href":"https:\/\/www.oranjeszvolen.sk\/eshop\/index.php\/wp-json\/wp\/v2\/product_tag?post=1065"},{"taxonomy":"product_brands","embeddable":true,"href":"https:\/\/www.oranjeszvolen.sk\/eshop\/index.php\/wp-json\/wp\/v2\/product_brands?post=1065"}],"curies":[{"name":"wp","href":"https:\/\/api.w.org\/{rel}","templated":true}]}}