{"id":1074,"date":"2025-10-08T23:19:31","date_gmt":"2025-10-08T21:19:31","guid":{"rendered":"https:\/\/www.oranjeszvolen.sk\/eshop\/?post_type=product&#038;p=1074"},"modified":"2025-10-24T03:47:55","modified_gmt":"2025-10-24T01:47:55","slug":"funkcne-sortky-erima","status":"publish","type":"product","link":"https:\/\/www.oranjeszvolen.sk\/eshop\/index.php\/product\/funkcne-sortky-erima\/","title":{"rendered":"Funk\u010dn\u00e9 \u0161ortky ERIMA"},"content":{"rendered":"<p data-start=\"679\" data-end=\"978\">\u0160ortky <strong data-start=\"752\" data-end=\"785\">Six Wings <\/strong>z kolekcie <em data-start=\"797\" data-end=\"817\">Six Wings Teamline<\/em> vynikaj\u00fa svoj\u00edm pohodln\u00fdm strihom a vysokou funk\u010dnos\u0165ou. Vyroben\u00e9 z odoln\u00e9ho <strong data-start=\"895\" data-end=\"933\">funk\u010dn\u00e9ho polyesterov\u00e9ho materi\u00e1lu<\/strong>, ktor\u00fd je priedu\u0161n\u00fd a z\u00e1rove\u0148 ve\u013emi \u013eahk\u00fd.<\/p>\n<p>V\u010faka <strong data-start=\"986\" data-end=\"1026\">\u0161irok\u00e9mu elastick\u00e9mu p\u00e1su so \u0161n\u00farkou<\/strong> \u0161ortky dokonale sedia a ne\u0161m\u00fdkaj\u00fa sa ani po\u010das intenz\u00edvneho pohybu. Praktick\u00e9 <strong data-start=\"1105\" data-end=\"1129\">bo\u010dn\u00e9 vreck\u00e1 na zips<\/strong> zabezpe\u010dia bezpe\u010dn\u00e9 ulo\u017eenie mobilu, k\u013e\u00fa\u010dov \u010di drobnost\u00ed.<\/p>\n<ul data-start=\"1437\" data-end=\"1752\">\n<li data-start=\"1437\" data-end=\"1486\">Odoln\u00fd a funk\u010dn\u00fd polyesterov\u00fd materi\u00e1l<\/li>\n<li data-start=\"1487\" data-end=\"1543\">\u0160irok\u00fd elastick\u00fd p\u00e1s so \u0161n\u00farkou na stiahnutie<\/li>\n<li data-start=\"1544\" data-end=\"1607\">Bo\u010dn\u00e9 vreck\u00e1 na zips pre bezpe\u010dn\u00e9 ulo\u017eenie drobnost\u00ed<\/li>\n<li data-start=\"1608\" data-end=\"1669\">Bez vn\u00fatorn\u00fdch slipov \u2013 v\u00e4\u010d\u0161ie pohodlie pri nosen\u00ed<\/li>\n<li data-start=\"1670\" data-end=\"1706\">ERIMA wing dizajn po boku<\/li>\n<li data-start=\"1707\" data-end=\"1752\">D\u013a\u017eka po boku: cca 50 cm (ve\u013ekos\u0165 M)<\/li>\n<\/ul>\n<p data-start=\"1759\" data-end=\"1778\">Materi\u00e1l: 100 % polyester<\/p>\n<p data-start=\"1759\" data-end=\"1778\"><img fetchpriority=\"high\" decoding=\"async\" class=\"\" src=\"https:\/\/www.oranjeszvolen.sk\/eshop\/wp-content\/uploads\/2025\/10\/erima-velkostna-tabulka.png\" alt=\"erima-velkostna-tabulka.png (704\u00d7442)\" width=\"542\" height=\"340\" \/><\/p>\n","protected":false},"excerpt":{"rendered":"<p>Funk\u010dn\u00e9 \u0161ortky <strong data-start=\"340\" data-end=\"373\">ERIMA Six <\/strong>\u00a0pon\u00fakaj\u00fa maxim\u00e1lne pohodlie pri tr\u00e9ningu aj vo vo\u013enom \u010dase. Bo\u010dn\u00e9 vreck\u00e1 na zips a ikonick\u00fd ERIMA wing dizajn dod\u00e1vaj\u00fa \u0161ortk\u00e1m modern\u00fd \u0161portov\u00fd vzh\u013ead.<\/p>\n","protected":false},"featured_media":1073,"template":"","meta":{"_bst_post_transparent":"default","_bst_post_title":"","_bst_post_layout":"default","_bst_post_sidebar_id":"","_bst_post_content_style":"default","_bst_post_vertical_padding":"default","_bst_post_feature":"","_bst_post_feature_position":"","_bst_post_header":false,"_bst_post_footer":false},"product_brand":[],"product_cat":[93],"product_tag":[],"product_brands":[],"class_list":{"0":"post-1074","1":"product","2":"type-product","3":"status-publish","4":"has-post-thumbnail","6":"product_cat-trener","8":"first","9":"instock","10":"shipping-taxable","11":"purchasable","12":"product-type-variable","13":"entry","14":"content-bg","15":"loop-entry"},"_links":{"self":[{"href":"https:\/\/www.oranjeszvolen.sk\/eshop\/index.php\/wp-json\/wp\/v2\/product\/1074","targetHints":{"allow":["GET"]}}],"collection":[{"href":"https:\/\/www.oranjeszvolen.sk\/eshop\/index.php\/wp-json\/wp\/v2\/product"}],"about":[{"href":"https:\/\/www.oranjeszvolen.sk\/eshop\/index.php\/wp-json\/wp\/v2\/types\/product"}],"wp:featuredmedia":[{"embeddable":true,"href":"https:\/\/www.oranjeszvolen.sk\/eshop\/index.php\/wp-json\/wp\/v2\/media\/1073"}],"wp:attachment":[{"href":"https:\/\/www.oranjeszvolen.sk\/eshop\/index.php\/wp-json\/wp\/v2\/media?parent=1074"}],"wp:term":[{"taxonomy":"product_brand","embeddable":true,"href":"https:\/\/www.oranjeszvolen.sk\/eshop\/index.php\/wp-json\/wp\/v2\/product_brand?post=1074"},{"taxonomy":"product_cat","embeddable":true,"href":"https:\/\/www.oranjeszvolen.sk\/eshop\/index.php\/wp-json\/wp\/v2\/product_cat?post=1074"},{"taxonomy":"product_tag","embeddable":true,"href":"https:\/\/www.oranjeszvolen.sk\/eshop\/index.php\/wp-json\/wp\/v2\/product_tag?post=1074"},{"taxonomy":"product_brands","embeddable":true,"href":"https:\/\/www.oranjeszvolen.sk\/eshop\/index.php\/wp-json\/wp\/v2\/product_brands?post=1074"}],"curies":[{"name":"wp","href":"https:\/\/api.w.org\/{rel}","templated":true}]}}