{"id":1081,"date":"2025-10-08T23:50:43","date_gmt":"2025-10-08T21:50:43","guid":{"rendered":"https:\/\/www.oranjeszvolen.sk\/eshop\/?post_type=product&#038;p=1081"},"modified":"2025-10-24T03:03:15","modified_gmt":"2025-10-24T01:03:15","slug":"softshellova-celenka","status":"publish","type":"product","link":"https:\/\/www.oranjeszvolen.sk\/eshop\/index.php\/product\/softshellova-celenka\/","title":{"rendered":"Softshellov\u00e1 \u0161portov\u00e1 \u010delenka"},"content":{"rendered":"<p data-start=\"645\" data-end=\"850\">\u0160portov\u00e1 \u010delenka <strong data-start=\"708\" data-end=\"737\">Softshell Sports Headband<\/strong> je navrhnut\u00e1 pre akt\u00edvnych \u0161portovcov, ktor\u00ed vy\u017eaduj\u00fa funk\u010dnos\u0165 a komfort v ka\u017edom po\u010das\u00ed.<\/p>\n<p data-start=\"852\" data-end=\"1077\">Vyroben\u00e1 z <strong data-start=\"863\" data-end=\"928\">\u013eahk\u00e9ho, vetruodoln\u00e9ho a priedu\u0161n\u00e9ho softshellov\u00e9ho materi\u00e1lu<\/strong>, ktor\u00fd r\u00fdchlo schne a udr\u017e\u00ed \u0165a v suchu aj pri intenz\u00edvnom pohybe.<\/p>\n<p data-start=\"1079\" data-end=\"1268\">V\u010faka <strong data-start=\"1085\" data-end=\"1119\">pru\u017en\u00e9mu materi\u00e1lu s elastanom<\/strong> sa \u010delenka perfektne prisp\u00f4sob\u00ed tvaru hlavy a dr\u017e\u00ed stabilne po\u010das pohybu. Skvel\u00e1 vo\u013eba pre tr\u00e9ningy, beh, cyklistiku \u010di futbal v chladnej\u0161om po\u010das\u00ed.<\/p>\n","protected":false},"excerpt":{"rendered":"<p>\u013dahk\u00e1 a priedu\u0161n\u00e1 <strong data-start=\"349\" data-end=\"393\">softshellov\u00e1 \u0161portov\u00e1 \u010delenka <\/strong>poskytuje pohodlie a ochranu pri tr\u00e9ningu aj vo veternom po\u010das\u00ed. Elastick\u00fd materi\u00e1l sa dokonale prisp\u00f4sob\u00ed hlave, odv\u00e1dza pot a r\u00fdchlo schne. Ide\u00e1lna na futbal, beh \u010di in\u00e9 outdoorov\u00e9 aktivity.<\/p>\n","protected":false},"featured_media":1083,"template":"","meta":{"_bst_post_transparent":"default","_bst_post_title":"","_bst_post_layout":"default","_bst_post_sidebar_id":"","_bst_post_content_style":"default","_bst_post_vertical_padding":"default","_bst_post_feature":"","_bst_post_feature_position":"","_bst_post_header":false,"_bst_post_footer":false},"product_brand":[],"product_cat":[91,93,94,57,95],"product_tag":[],"product_brands":[],"class_list":{"0":"post-1081","1":"product","2":"type-product","3":"status-publish","4":"has-post-thumbnail","6":"product_cat-hrac","7":"product_cat-trener","8":"product_cat-oblecenie-trening","9":"product_cat-vsetky-produkty","10":"product_cat-oblecenie-vychadzka","12":"first","13":"instock","14":"shipping-taxable","15":"purchasable","16":"product-type-simple","17":"entry","18":"content-bg","19":"loop-entry"},"_links":{"self":[{"href":"https:\/\/www.oranjeszvolen.sk\/eshop\/index.php\/wp-json\/wp\/v2\/product\/1081","targetHints":{"allow":["GET"]}}],"collection":[{"href":"https:\/\/www.oranjeszvolen.sk\/eshop\/index.php\/wp-json\/wp\/v2\/product"}],"about":[{"href":"https:\/\/www.oranjeszvolen.sk\/eshop\/index.php\/wp-json\/wp\/v2\/types\/product"}],"wp:featuredmedia":[{"embeddable":true,"href":"https:\/\/www.oranjeszvolen.sk\/eshop\/index.php\/wp-json\/wp\/v2\/media\/1083"}],"wp:attachment":[{"href":"https:\/\/www.oranjeszvolen.sk\/eshop\/index.php\/wp-json\/wp\/v2\/media?parent=1081"}],"wp:term":[{"taxonomy":"product_brand","embeddable":true,"href":"https:\/\/www.oranjeszvolen.sk\/eshop\/index.php\/wp-json\/wp\/v2\/product_brand?post=1081"},{"taxonomy":"product_cat","embeddable":true,"href":"https:\/\/www.oranjeszvolen.sk\/eshop\/index.php\/wp-json\/wp\/v2\/product_cat?post=1081"},{"taxonomy":"product_tag","embeddable":true,"href":"https:\/\/www.oranjeszvolen.sk\/eshop\/index.php\/wp-json\/wp\/v2\/product_tag?post=1081"},{"taxonomy":"product_brands","embeddable":true,"href":"https:\/\/www.oranjeszvolen.sk\/eshop\/index.php\/wp-json\/wp\/v2\/product_brands?post=1081"}],"curies":[{"name":"wp","href":"https:\/\/api.w.org\/{rel}","templated":true}]}}