{"id":775,"date":"2025-10-04T11:19:38","date_gmt":"2025-10-04T09:19:38","guid":{"rendered":"https:\/\/www.oranjeszvolen.sk\/eshop\/?post_type=product&#038;p=775"},"modified":"2025-10-24T04:50:56","modified_gmt":"2025-10-24T02:50:56","slug":"panske-sportove-tricko","status":"publish","type":"product","link":"https:\/\/www.oranjeszvolen.sk\/eshop\/index.php\/product\/panske-sportove-tricko\/","title":{"rendered":"Tr\u00e9ningov\u00fd dres"},"content":{"rendered":"<p>\u0160portov tri\u010dko s \u00fazkym lemom okolo v\u00fdstrihu a ploch\u00fdmi ramenn\u00fdmi \u0161vami je vyroben\u00e9 z jemn\u00e9ho, mierne leskl\u00e9ho materi\u00e1lu s hladk\u00fdm povrchom. Na zadnej strane sa nach\u00e1dza reflexn\u00e9 logo ACTIVE-DRY\u00ae (bez ochrann\u00e9ho \u00fa\u010dinku). Tri\u010dko je mo\u017en\u00e9 pra\u0165 pri teplote do 40 \u00b0C, su\u0161i\u0165 v su\u0161i\u010dke na n\u00edzkom stupni a taktie\u017e chemicky \u010disti\u0165.<\/p>\n<p>Materi\u00e1l:<br \/>\n140 g\/m\u00b2, 100 % ACTIVE-DRY\u00ae polyester, interlock<\/p>\n<p><img decoding=\"async\" src=\"https:\/\/www.cottonclassics.com\/en\/media\/catalog\/product\/G\/T\/GT_058000_stedman_sports-t-men_757b4c79-4dc1-4323-9c87-876bbacbee23_web.jpg\" \/><\/p>\n","protected":false},"excerpt":{"rendered":"<p>Tri\u010dko z jemn\u00e9ho, hladk\u00e9ho materi\u00e1lu s \u00fazkym lemom pri v\u00fdstrihu a ploch\u00fdmi ramenn\u00fdmi \u0161vami.<\/p>\n","protected":false},"featured_media":983,"template":"","meta":{"_bst_post_transparent":"default","_bst_post_title":"","_bst_post_layout":"default","_bst_post_sidebar_id":"","_bst_post_content_style":"default","_bst_post_vertical_padding":"default","_bst_post_feature":"","_bst_post_feature_position":"","_bst_post_header":false,"_bst_post_footer":false},"product_brand":[],"product_cat":[91,94,57],"product_tag":[],"product_brands":[],"class_list":{"0":"post-775","1":"product","2":"type-product","3":"status-publish","4":"has-post-thumbnail","6":"product_cat-hrac","7":"product_cat-oblecenie-trening","8":"product_cat-vsetky-produkty","10":"first","11":"instock","12":"shipping-taxable","13":"purchasable","14":"product-type-variable","15":"entry","16":"content-bg","17":"loop-entry"},"_links":{"self":[{"href":"https:\/\/www.oranjeszvolen.sk\/eshop\/index.php\/wp-json\/wp\/v2\/product\/775","targetHints":{"allow":["GET"]}}],"collection":[{"href":"https:\/\/www.oranjeszvolen.sk\/eshop\/index.php\/wp-json\/wp\/v2\/product"}],"about":[{"href":"https:\/\/www.oranjeszvolen.sk\/eshop\/index.php\/wp-json\/wp\/v2\/types\/product"}],"wp:featuredmedia":[{"embeddable":true,"href":"https:\/\/www.oranjeszvolen.sk\/eshop\/index.php\/wp-json\/wp\/v2\/media\/983"}],"wp:attachment":[{"href":"https:\/\/www.oranjeszvolen.sk\/eshop\/index.php\/wp-json\/wp\/v2\/media?parent=775"}],"wp:term":[{"taxonomy":"product_brand","embeddable":true,"href":"https:\/\/www.oranjeszvolen.sk\/eshop\/index.php\/wp-json\/wp\/v2\/product_brand?post=775"},{"taxonomy":"product_cat","embeddable":true,"href":"https:\/\/www.oranjeszvolen.sk\/eshop\/index.php\/wp-json\/wp\/v2\/product_cat?post=775"},{"taxonomy":"product_tag","embeddable":true,"href":"https:\/\/www.oranjeszvolen.sk\/eshop\/index.php\/wp-json\/wp\/v2\/product_tag?post=775"},{"taxonomy":"product_brands","embeddable":true,"href":"https:\/\/www.oranjeszvolen.sk\/eshop\/index.php\/wp-json\/wp\/v2\/product_brands?post=775"}],"curies":[{"name":"wp","href":"https:\/\/api.w.org\/{rel}","templated":true}]}}