{"id":784,"date":"2025-10-04T12:16:18","date_gmt":"2025-10-04T10:16:18","guid":{"rendered":"https:\/\/www.oranjeszvolen.sk\/eshop\/?post_type=product&#038;p=784"},"modified":"2025-10-24T09:30:24","modified_gmt":"2025-10-24T07:30:24","slug":"detske-sportove-tricko","status":"publish","type":"product","link":"https:\/\/www.oranjeszvolen.sk\/eshop\/index.php\/product\/detske-sportove-tricko\/","title":{"rendered":"Detsk\u00fd tr\u00e9ningov\u00fd dres"},"content":{"rendered":"<p>Detsk\u00e9 \u0161portov\u00e9 tri\u010dko s \u00fazkym v\u00fdstrihom z rovnak\u00e9ho materi\u00e1lu a kr\u010dnou lemovkou. Vyroben\u00e9 z m\u00e4kk\u00e9ho, hladk\u00e9ho materi\u00e1lu s jemn\u00fdm leskom. Mo\u017eno pra\u0165 pri 40 \u00b0C, su\u0161i\u0165 v su\u0161i\u010dke na n\u00edzkej teplote alebo \u010disti\u0165 chemicky ak\u00fdmko\u013evek rozp\u00fa\u0161\u0165adlom.<\/p>\n<p>Materi\u00e1l:<br \/>\n140 g\/m\u00b2, 100 % ACTIVE-DRY\u00ae polyester, interlock<\/p>\n<p><img fetchpriority=\"high\" decoding=\"async\" class=\"\" src=\"https:\/\/www.cottonclassics.com\/en\/media\/catalog\/product\/G\/T\/GT_058170_stedman_sports-t-kids_22d0c12d-f67c-4f00-8c51-6754f8d8d345_web.jpg\" width=\"569\" height=\"202\" \/><\/p>\n","protected":false},"excerpt":{"rendered":"<p>Tri\u010dko s \u00fazkym v\u00fdstrihom a kr\u010dnou lemovkou z rovnak\u00e9ho materi\u00e1lu.<\/p>\n","protected":false},"featured_media":983,"template":"","meta":{"_bst_post_transparent":"default","_bst_post_title":"","_bst_post_layout":"default","_bst_post_sidebar_id":"","_bst_post_content_style":"default","_bst_post_vertical_padding":"default","_bst_post_feature":"","_bst_post_feature_position":"","_bst_post_header":false,"_bst_post_footer":false},"product_brand":[],"product_cat":[91,94,57],"product_tag":[],"product_brands":[],"class_list":{"0":"post-784","1":"product","2":"type-product","3":"status-publish","4":"has-post-thumbnail","6":"product_cat-hrac","7":"product_cat-oblecenie-trening","8":"product_cat-vsetky-produkty","10":"first","11":"instock","12":"shipping-taxable","13":"purchasable","14":"product-type-variable","15":"entry","16":"content-bg","17":"loop-entry"},"_links":{"self":[{"href":"https:\/\/www.oranjeszvolen.sk\/eshop\/index.php\/wp-json\/wp\/v2\/product\/784","targetHints":{"allow":["GET"]}}],"collection":[{"href":"https:\/\/www.oranjeszvolen.sk\/eshop\/index.php\/wp-json\/wp\/v2\/product"}],"about":[{"href":"https:\/\/www.oranjeszvolen.sk\/eshop\/index.php\/wp-json\/wp\/v2\/types\/product"}],"wp:featuredmedia":[{"embeddable":true,"href":"https:\/\/www.oranjeszvolen.sk\/eshop\/index.php\/wp-json\/wp\/v2\/media\/983"}],"wp:attachment":[{"href":"https:\/\/www.oranjeszvolen.sk\/eshop\/index.php\/wp-json\/wp\/v2\/media?parent=784"}],"wp:term":[{"taxonomy":"product_brand","embeddable":true,"href":"https:\/\/www.oranjeszvolen.sk\/eshop\/index.php\/wp-json\/wp\/v2\/product_brand?post=784"},{"taxonomy":"product_cat","embeddable":true,"href":"https:\/\/www.oranjeszvolen.sk\/eshop\/index.php\/wp-json\/wp\/v2\/product_cat?post=784"},{"taxonomy":"product_tag","embeddable":true,"href":"https:\/\/www.oranjeszvolen.sk\/eshop\/index.php\/wp-json\/wp\/v2\/product_tag?post=784"},{"taxonomy":"product_brands","embeddable":true,"href":"https:\/\/www.oranjeszvolen.sk\/eshop\/index.php\/wp-json\/wp\/v2\/product_brands?post=784"}],"curies":[{"name":"wp","href":"https:\/\/api.w.org\/{rel}","templated":true}]}}