{"id":805,"date":"2025-10-04T12:44:01","date_gmt":"2025-10-04T10:44:01","guid":{"rendered":"https:\/\/www.oranjeszvolen.sk\/eshop\/?post_type=product&#038;p=805"},"modified":"2025-10-24T04:44:49","modified_gmt":"2025-10-24T02:44:49","slug":"sportove-sortky","status":"publish","type":"product","link":"https:\/\/www.oranjeszvolen.sk\/eshop\/index.php\/product\/sportove-sortky\/","title":{"rendered":"Futbalov\u00e9 \u0161ortky"},"content":{"rendered":"<p>Futbalov\u00e9 \u0161ortky ur\u010den\u00e9 na tr\u00e9ningy a z\u00e1pasy a\u017e dvakr\u00e1t t\u00fd\u017edenne. Vyroben\u00e9 zo spl\u00fdvav\u00e9ho materi\u00e1lu, ktor\u00fd umo\u017e\u0148uje vo\u013en\u00fd a prirodzen\u00fd pohyb na ihrisku.<\/p>\n<p><img fetchpriority=\"high\" decoding=\"async\" class=\"\" src=\"https:\/\/www.oranjeszvolen.sk\/eshop\/wp-content\/uploads\/2025\/10\/deca-tabulka-velkosti.jpg\" alt=\"deca-tabulka-velkosti.jpg (516\u00d7491)\" width=\"469\" height=\"446\" \/><\/p>\n","protected":false},"excerpt":{"rendered":"<p>\u013dahk\u00e9 futbalov\u00e9 \u0161ortky z priedu\u0161n\u00e9ho materi\u00e1lu pre pohodln\u00fd pohyb na ihrisku.<\/p>\n","protected":false},"featured_media":984,"template":"","meta":{"_bst_post_transparent":"default","_bst_post_title":"","_bst_post_layout":"default","_bst_post_sidebar_id":"","_bst_post_content_style":"default","_bst_post_vertical_padding":"default","_bst_post_feature":"","_bst_post_feature_position":"","_bst_post_header":false,"_bst_post_footer":false},"product_brand":[],"product_cat":[91,94,57],"product_tag":[],"product_brands":[],"class_list":{"0":"post-805","1":"product","2":"type-product","3":"status-publish","4":"has-post-thumbnail","6":"product_cat-hrac","7":"product_cat-oblecenie-trening","8":"product_cat-vsetky-produkty","10":"first","11":"instock","12":"shipping-taxable","13":"purchasable","14":"product-type-variable","15":"entry","16":"content-bg","17":"loop-entry"},"_links":{"self":[{"href":"https:\/\/www.oranjeszvolen.sk\/eshop\/index.php\/wp-json\/wp\/v2\/product\/805","targetHints":{"allow":["GET"]}}],"collection":[{"href":"https:\/\/www.oranjeszvolen.sk\/eshop\/index.php\/wp-json\/wp\/v2\/product"}],"about":[{"href":"https:\/\/www.oranjeszvolen.sk\/eshop\/index.php\/wp-json\/wp\/v2\/types\/product"}],"wp:featuredmedia":[{"embeddable":true,"href":"https:\/\/www.oranjeszvolen.sk\/eshop\/index.php\/wp-json\/wp\/v2\/media\/984"}],"wp:attachment":[{"href":"https:\/\/www.oranjeszvolen.sk\/eshop\/index.php\/wp-json\/wp\/v2\/media?parent=805"}],"wp:term":[{"taxonomy":"product_brand","embeddable":true,"href":"https:\/\/www.oranjeszvolen.sk\/eshop\/index.php\/wp-json\/wp\/v2\/product_brand?post=805"},{"taxonomy":"product_cat","embeddable":true,"href":"https:\/\/www.oranjeszvolen.sk\/eshop\/index.php\/wp-json\/wp\/v2\/product_cat?post=805"},{"taxonomy":"product_tag","embeddable":true,"href":"https:\/\/www.oranjeszvolen.sk\/eshop\/index.php\/wp-json\/wp\/v2\/product_tag?post=805"},{"taxonomy":"product_brands","embeddable":true,"href":"https:\/\/www.oranjeszvolen.sk\/eshop\/index.php\/wp-json\/wp\/v2\/product_brands?post=805"}],"curies":[{"name":"wp","href":"https:\/\/api.w.org\/{rel}","templated":true}]}}