{"id":847,"date":"2025-10-05T14:37:03","date_gmt":"2025-10-05T12:37:03","guid":{"rendered":"https:\/\/www.oranjeszvolen.sk\/eshop\/?post_type=product&#038;p=847"},"modified":"2025-10-24T06:34:45","modified_gmt":"2025-10-24T04:34:45","slug":"detsky-treningovy-set","status":"publish","type":"product","link":"https:\/\/www.oranjeszvolen.sk\/eshop\/index.php\/product\/detsky-treningovy-set\/","title":{"rendered":"Detsk\u00fd treningov\u00fd set"},"content":{"rendered":"<p>1- \u0160portov\u00e9 tri\u010dko Interlock<br \/>\nTri\u010dko s \u00fazkym lemom okolo v\u00fdstrihu a ploch\u00fdmi ramenn\u00fdmi \u0161vami je vyroben\u00e9 z jemn\u00e9ho, mierne leskl\u00e9ho materi\u00e1lu s hladk\u00fdm povrchom. Na zadnej strane sa nach\u00e1dza reflexn\u00e9 logo ACTIVE-DRY\u00ae (bez ochrann\u00e9ho \u00fa\u010dinku). Model m\u00e1 neutr\u00e1lny \u0161t\u00edtok s ve\u013ekos\u0165ou. Tri\u010dko je mo\u017en\u00e9 pra\u0165 pri teplote do 40 \u00b0C, su\u0161i\u0165 v su\u0161i\u010dke na n\u00edzkom stupni a taktie\u017e chemicky \u010disti\u0165.<\/p>\n<blockquote class=\"wp-embedded-content\" data-secret=\"UaOlAEUFaw\"><p><a href=\"https:\/\/www.oranjeszvolen.sk\/eshop\/index.php\/product\/detske-sportove-tricko\/\">Tr\u00e9ningov\u00fd dres detsk\u00fd<\/a><\/p><\/blockquote>\n<p><iframe class=\"wp-embedded-content\" sandbox=\"allow-scripts\" security=\"restricted\" style=\"position: absolute; visibility: hidden;\" title=\"&#8220;Tr\u00e9ningov\u00fd dres detsk\u00fd&#8221; &#8212; Eshop Oranjes Zvolen\" src=\"https:\/\/www.oranjeszvolen.sk\/eshop\/index.php\/product\/detske-sportove-tricko\/embed\/#?secret=LJhNNkCGVE#?secret=UaOlAEUFaw\" data-secret=\"UaOlAEUFaw\" width=\"600\" height=\"338\" frameborder=\"0\" marginwidth=\"0\" marginheight=\"0\" scrolling=\"no\"><\/iframe><\/p>\n<p>2- Futbalov\u00e9 \u0161ortky<br \/>\n\u013dahk\u00e9 a priedu\u0161n\u00e9 futbalov\u00e9 \u0161ortky ur\u010den\u00e9 na tr\u00e9ningy a z\u00e1pasy a\u017e dvakr\u00e1t t\u00fd\u017edenne. Vyroben\u00e9 zo spl\u00fdvav\u00e9ho materi\u00e1lu, ktor\u00fd umo\u017e\u0148uje vo\u013en\u00fd a prirodzen\u00fd pohyb na ihrisku.<\/p>\n<blockquote class=\"wp-embedded-content\" data-secret=\"QMKsox1i69\"><p><a href=\"https:\/\/www.oranjeszvolen.sk\/eshop\/index.php\/product\/fiskars-cf-spray-gun-multi-front-operation-kopia\/\">Detsk\u00e9 futbalov\u00e9 \u0161ortky<\/a><\/p><\/blockquote>\n<p><iframe class=\"wp-embedded-content\" sandbox=\"allow-scripts\" security=\"restricted\" style=\"position: absolute; visibility: hidden;\" title=\"&#8220;Detsk\u00e9 futbalov\u00e9 \u0161ortky&#8221; &#8212; Eshop Oranjes Zvolen\" src=\"https:\/\/www.oranjeszvolen.sk\/eshop\/index.php\/product\/fiskars-cf-spray-gun-multi-front-operation-kopia\/embed\/#?secret=2r2i29GGf0#?secret=QMKsox1i69\" data-secret=\"QMKsox1i69\" width=\"600\" height=\"338\" frameborder=\"0\" marginwidth=\"0\" marginheight=\"0\" scrolling=\"no\"><\/iframe><\/p>\n<p>3- Futbalov\u00e9 \u0161tulpne<\/p>\n<blockquote class=\"wp-embedded-content\" data-secret=\"XCDPO0KotJ\"><p><a href=\"https:\/\/www.oranjeszvolen.sk\/eshop\/index.php\/product\/detske-futbalove-stulpne\/\">Detsk\u00e9 futbalov\u00e9 \u0161tulpne<\/a><\/p><\/blockquote>\n<p><iframe class=\"wp-embedded-content\" sandbox=\"allow-scripts\" security=\"restricted\" style=\"position: absolute; visibility: hidden;\" title=\"&#8220;Detsk\u00e9 futbalov\u00e9 \u0161tulpne&#8221; &#8212; Eshop Oranjes Zvolen\" src=\"https:\/\/www.oranjeszvolen.sk\/eshop\/index.php\/product\/detske-futbalove-stulpne\/embed\/#?secret=5uLSIfHiSU#?secret=XCDPO0KotJ\" data-secret=\"XCDPO0KotJ\" width=\"600\" height=\"338\" frameborder=\"0\" marginwidth=\"0\" marginheight=\"0\" scrolling=\"no\"><\/iframe><\/p>\n<p>4- \u0160portov\u00e9 pono\u017eky<\/p>\n","protected":false},"excerpt":{"rendered":"<p>Tr\u00e9ningov\u00fd set obsahuje: \u0160portov\u00e9 tri\u010dko Interlock, Futbalov\u00e9 \u0161ortky Essentiel, Futbalov\u00e9 \u0161tulpne, \u0160portov\u00e9 pono\u017eky (3 p\u00e1ry)<\/p>\n","protected":false},"featured_media":1002,"template":"","meta":{"_bst_post_transparent":"default","_bst_post_title":"","_bst_post_layout":"default","_bst_post_sidebar_id":"","_bst_post_content_style":"default","_bst_post_vertical_padding":"default","_bst_post_feature":"","_bst_post_feature_position":"","_bst_post_header":false,"_bst_post_footer":false},"product_brand":[],"product_cat":[91,94,57],"product_tag":[],"product_brands":[],"class_list":{"0":"post-847","1":"product","2":"type-product","3":"status-publish","4":"has-post-thumbnail","6":"product_cat-hrac","7":"product_cat-oblecenie-trening","8":"product_cat-vsetky-produkty","10":"first","11":"instock","12":"sale","13":"shipping-taxable","14":"purchasable","15":"product-type-variable","16":"entry","17":"content-bg","18":"loop-entry"},"_links":{"self":[{"href":"https:\/\/www.oranjeszvolen.sk\/eshop\/index.php\/wp-json\/wp\/v2\/product\/847","targetHints":{"allow":["GET"]}}],"collection":[{"href":"https:\/\/www.oranjeszvolen.sk\/eshop\/index.php\/wp-json\/wp\/v2\/product"}],"about":[{"href":"https:\/\/www.oranjeszvolen.sk\/eshop\/index.php\/wp-json\/wp\/v2\/types\/product"}],"wp:featuredmedia":[{"embeddable":true,"href":"https:\/\/www.oranjeszvolen.sk\/eshop\/index.php\/wp-json\/wp\/v2\/media\/1002"}],"wp:attachment":[{"href":"https:\/\/www.oranjeszvolen.sk\/eshop\/index.php\/wp-json\/wp\/v2\/media?parent=847"}],"wp:term":[{"taxonomy":"product_brand","embeddable":true,"href":"https:\/\/www.oranjeszvolen.sk\/eshop\/index.php\/wp-json\/wp\/v2\/product_brand?post=847"},{"taxonomy":"product_cat","embeddable":true,"href":"https:\/\/www.oranjeszvolen.sk\/eshop\/index.php\/wp-json\/wp\/v2\/product_cat?post=847"},{"taxonomy":"product_tag","embeddable":true,"href":"https:\/\/www.oranjeszvolen.sk\/eshop\/index.php\/wp-json\/wp\/v2\/product_tag?post=847"},{"taxonomy":"product_brands","embeddable":true,"href":"https:\/\/www.oranjeszvolen.sk\/eshop\/index.php\/wp-json\/wp\/v2\/product_brands?post=847"}],"curies":[{"name":"wp","href":"https:\/\/api.w.org\/{rel}","templated":true}]}}