{"id":855,"date":"2025-10-05T14:47:34","date_gmt":"2025-10-05T12:47:34","guid":{"rendered":"https:\/\/www.oranjeszvolen.sk\/eshop\/?post_type=product&#038;p=855"},"modified":"2025-12-02T10:02:18","modified_gmt":"2025-12-02T09:02:18","slug":"vodeodolna-bunda","status":"publish","type":"product","link":"https:\/\/www.oranjeszvolen.sk\/eshop\/index.php\/product\/vodeodolna-bunda\/","title":{"rendered":"Vodeodoln\u00e1 bunda"},"content":{"rendered":"<p>Materi\u00e1l:<br \/>\n100 % nylon 210T, vodeodpudiv\u00fd materi\u00e1l<\/p>\n<p>\u0160t\u00fdl:<br \/>\nKlasick\u00fd strih s praktick\u00fdm zap\u00ednan\u00edm na zips, kapuc\u0148ou so s\u0165ahovacou \u0161n\u00farkou ukrytou v golieri a dvoma vonkaj\u0161\u00edmi vreckami na zips.<br \/>\nMo\u017eno zlo\u017ei\u0165 do vlastn\u00e9ho vrecka v\u010faka syst\u00e9mu \u201eIn bag\u201c s elastick\u00fdmi p\u00e1sikmi okolo p\u00e1sa.<br \/>\nRuk\u00e1vy maj\u00fa elastick\u00e9 man\u017eety a na ventil\u00e1ciu sl\u00fa\u017eia mal\u00e9 o\u010dk\u00e1.<\/p>\n<p><img decoding=\"async\" src=\"https:\/\/www.cottonclassics.com\/en\/media\/catalog\/product\/G\/T\/GT_252000_sol-s_surf_abde5911-a787-4206-a774-54309be24554_web.jpg\" \/><\/p>\n","protected":false},"excerpt":{"rendered":"<p>Klasick\u00e1 vodeodpudiv\u00e1 vetrovka z nylonu s kapuc\u0148ou v golieri, vreckami na zips a praktick\u00fdm skladac\u00edm syst\u00e9mom \u201eIn bag\u201c.<\/p>\n","protected":false},"featured_media":986,"template":"","meta":{"_bst_post_transparent":"default","_bst_post_title":"","_bst_post_layout":"default","_bst_post_sidebar_id":"","_bst_post_content_style":"default","_bst_post_vertical_padding":"default","_bst_post_feature":"","_bst_post_feature_position":"","_bst_post_header":false,"_bst_post_footer":false},"product_brand":[],"product_cat":[91,93,94,57,95],"product_tag":[],"product_brands":[],"class_list":{"0":"post-855","1":"product","2":"type-product","3":"status-publish","4":"has-post-thumbnail","6":"product_cat-hrac","7":"product_cat-trener","8":"product_cat-oblecenie-trening","9":"product_cat-vsetky-produkty","10":"product_cat-oblecenie-vychadzka","12":"first","13":"instock","14":"shipping-taxable","15":"purchasable","16":"product-type-variable","17":"entry","18":"content-bg","19":"loop-entry"},"_links":{"self":[{"href":"https:\/\/www.oranjeszvolen.sk\/eshop\/index.php\/wp-json\/wp\/v2\/product\/855","targetHints":{"allow":["GET"]}}],"collection":[{"href":"https:\/\/www.oranjeszvolen.sk\/eshop\/index.php\/wp-json\/wp\/v2\/product"}],"about":[{"href":"https:\/\/www.oranjeszvolen.sk\/eshop\/index.php\/wp-json\/wp\/v2\/types\/product"}],"wp:featuredmedia":[{"embeddable":true,"href":"https:\/\/www.oranjeszvolen.sk\/eshop\/index.php\/wp-json\/wp\/v2\/media\/986"}],"wp:attachment":[{"href":"https:\/\/www.oranjeszvolen.sk\/eshop\/index.php\/wp-json\/wp\/v2\/media?parent=855"}],"wp:term":[{"taxonomy":"product_brand","embeddable":true,"href":"https:\/\/www.oranjeszvolen.sk\/eshop\/index.php\/wp-json\/wp\/v2\/product_brand?post=855"},{"taxonomy":"product_cat","embeddable":true,"href":"https:\/\/www.oranjeszvolen.sk\/eshop\/index.php\/wp-json\/wp\/v2\/product_cat?post=855"},{"taxonomy":"product_tag","embeddable":true,"href":"https:\/\/www.oranjeszvolen.sk\/eshop\/index.php\/wp-json\/wp\/v2\/product_tag?post=855"},{"taxonomy":"product_brands","embeddable":true,"href":"https:\/\/www.oranjeszvolen.sk\/eshop\/index.php\/wp-json\/wp\/v2\/product_brands?post=855"}],"curies":[{"name":"wp","href":"https:\/\/api.w.org\/{rel}","templated":true}]}}