{"id":871,"date":"2025-10-05T15:11:53","date_gmt":"2025-10-05T13:11:53","guid":{"rendered":"https:\/\/www.oranjeszvolen.sk\/eshop\/?post_type=product&#038;p=871"},"modified":"2025-12-08T10:10:12","modified_gmt":"2025-12-08T09:10:12","slug":"detska-treningova-mikina","status":"publish","type":"product","link":"https:\/\/www.oranjeszvolen.sk\/eshop\/index.php\/product\/detska-treningova-mikina\/","title":{"rendered":"Detsk\u00e1 tr\u00e9ningov\u00e1 mikina"},"content":{"rendered":"<p>Mikina s rovn\u00fdm strihom a kontrastnou vsadkou na hrudi a ramen\u00e1ch. M\u00e1 stojat\u00fd golier s 1\/4 zipsom a ragl\u00e1nov\u00e9 ruk\u00e1vy v kontrastnej farbe. Na bokoch a chrbte sa nach\u00e1dzaj\u00fa text\u00farovan\u00e9 textiln\u00e9 panely. Zips m\u00e1 ochranu brady a je vyroben\u00fd z nylonu.<br \/>\nBo\u010dn\u00e9 r\u00e1zporky a pred\u013a\u017een\u00fd chrb\u00e1t so zaoblen\u00fdm lemom zaru\u010duj\u00fa pohodlie pri pohybe.<\/p>\n<p>Materi\u00e1l:<br \/>\n200 g\/m\u00b2, 100 % polyester, interlock<\/p>\n<p>Tabu\u013eka ve\u013ekost\u00ed:<br \/>\nDostupn\u00e9 vo viacer\u00fdch ve\u013ekostiach pod\u013ea \u0161tandardnej tabu\u013eky.<\/p>\n<p><img fetchpriority=\"high\" decoding=\"async\" class=\"alignnone wp-image-872 size-full\" src=\"https:\/\/www.oranjeszvolen.sk\/eshop\/wp-content\/uploads\/2025\/10\/tabulka_velkosti_mikina01.jpg\" alt=\"\" width=\"799\" height=\"378\" srcset=\"https:\/\/www.oranjeszvolen.sk\/eshop\/wp-content\/uploads\/2025\/10\/tabulka_velkosti_mikina01.jpg 799w, https:\/\/www.oranjeszvolen.sk\/eshop\/wp-content\/uploads\/2025\/10\/tabulka_velkosti_mikina01-300x142.jpg 300w, https:\/\/www.oranjeszvolen.sk\/eshop\/wp-content\/uploads\/2025\/10\/tabulka_velkosti_mikina01-768x363.jpg 768w, https:\/\/www.oranjeszvolen.sk\/eshop\/wp-content\/uploads\/2025\/10\/tabulka_velkosti_mikina01-600x284.jpg 600w\" sizes=\"(max-width: 799px) 100vw, 799px\" \/><\/p>\n","protected":false},"excerpt":{"rendered":"<p>\u0160portov\u00e1 mikina s 1\/4 zipsom, kontrastn\u00fdmi vsadkami a pred\u013a\u017een\u00fdm chrbtom. Pohodln\u00fd strih z matn\u00e9ho polyesteru s ochranou brady a TearAway \u0161t\u00edtkom.<\/p>\n","protected":false},"featured_media":1429,"template":"","meta":{"_bst_post_transparent":"default","_bst_post_title":"","_bst_post_layout":"default","_bst_post_sidebar_id":"","_bst_post_content_style":"default","_bst_post_vertical_padding":"default","_bst_post_feature":"","_bst_post_feature_position":"","_bst_post_header":false,"_bst_post_footer":false},"product_brand":[],"product_cat":[91,94,57,95],"product_tag":[],"product_brands":[],"class_list":{"0":"post-871","1":"product","2":"type-product","3":"status-publish","4":"has-post-thumbnail","6":"product_cat-hrac","7":"product_cat-oblecenie-trening","8":"product_cat-vsetky-produkty","9":"product_cat-oblecenie-vychadzka","11":"first","12":"instock","13":"shipping-taxable","14":"purchasable","15":"product-type-variable","16":"entry","17":"content-bg","18":"loop-entry"},"_links":{"self":[{"href":"https:\/\/www.oranjeszvolen.sk\/eshop\/index.php\/wp-json\/wp\/v2\/product\/871","targetHints":{"allow":["GET"]}}],"collection":[{"href":"https:\/\/www.oranjeszvolen.sk\/eshop\/index.php\/wp-json\/wp\/v2\/product"}],"about":[{"href":"https:\/\/www.oranjeszvolen.sk\/eshop\/index.php\/wp-json\/wp\/v2\/types\/product"}],"wp:featuredmedia":[{"embeddable":true,"href":"https:\/\/www.oranjeszvolen.sk\/eshop\/index.php\/wp-json\/wp\/v2\/media\/1429"}],"wp:attachment":[{"href":"https:\/\/www.oranjeszvolen.sk\/eshop\/index.php\/wp-json\/wp\/v2\/media?parent=871"}],"wp:term":[{"taxonomy":"product_brand","embeddable":true,"href":"https:\/\/www.oranjeszvolen.sk\/eshop\/index.php\/wp-json\/wp\/v2\/product_brand?post=871"},{"taxonomy":"product_cat","embeddable":true,"href":"https:\/\/www.oranjeszvolen.sk\/eshop\/index.php\/wp-json\/wp\/v2\/product_cat?post=871"},{"taxonomy":"product_tag","embeddable":true,"href":"https:\/\/www.oranjeszvolen.sk\/eshop\/index.php\/wp-json\/wp\/v2\/product_tag?post=871"},{"taxonomy":"product_brands","embeddable":true,"href":"https:\/\/www.oranjeszvolen.sk\/eshop\/index.php\/wp-json\/wp\/v2\/product_brands?post=871"}],"curies":[{"name":"wp","href":"https:\/\/api.w.org\/{rel}","templated":true}]}}