{"id":905,"date":"2025-10-05T16:30:53","date_gmt":"2025-10-05T14:30:53","guid":{"rendered":"https:\/\/www.oranjeszvolen.sk\/eshop\/?post_type=product&#038;p=905"},"modified":"2025-10-24T03:24:27","modified_gmt":"2025-10-24T01:24:27","slug":"softshellovy-sportovy-nakrcnik","status":"publish","type":"product","link":"https:\/\/www.oranjeszvolen.sk\/eshop\/index.php\/product\/softshellovy-sportovy-nakrcnik\/","title":{"rendered":"Softshellov\u00fd \u0161portov\u00fd n\u00e1kr\u010dn\u00edk"},"content":{"rendered":"<p>Maska s ergonomick\u00fdm strihom vyroben\u00e1 z priedu\u0161n\u00e9ho softshellov\u00e9ho materi\u00e1lu. Ploch\u00e1 \u0161trukt\u00fara \u0161vov a elastick\u00e1 \u0161n\u00farka zais\u0165uj\u00fa pohodln\u00e9 nosenie. Materi\u00e1l je \u013eahk\u00fd, r\u00fdchloschn\u00faci a odoln\u00fd vo\u010di vetru. Produkt nie je zdravotn\u00edckym ani osobn\u00fdm ochrann\u00fdm prostriedkom (OOP). Mo\u017eno pra\u0165 pri 40 \u00b0C, ne\u017eehli\u0165.<\/p>\n<p>Materi\u00e1l:<br \/>\n42 g, 85 % polyester, 15 % elastan<\/p>\n","protected":false},"excerpt":{"rendered":"<p>\u013dahk\u00e1 priedu\u0161n\u00e1 maska z vetruodoln\u00e9ho softshellu s ergonomick\u00fdm strihom a elastickou \u0161n\u00farkou.<\/p>\n","protected":false},"featured_media":998,"template":"","meta":{"_bst_post_transparent":"default","_bst_post_title":"","_bst_post_layout":"default","_bst_post_sidebar_id":"","_bst_post_content_style":"default","_bst_post_vertical_padding":"default","_bst_post_feature":"","_bst_post_feature_position":"","_bst_post_header":false,"_bst_post_footer":false},"product_brand":[],"product_cat":[91,93,94,57],"product_tag":[],"product_brands":[],"class_list":{"0":"post-905","1":"product","2":"type-product","3":"status-publish","4":"has-post-thumbnail","6":"product_cat-hrac","7":"product_cat-trener","8":"product_cat-oblecenie-trening","9":"product_cat-vsetky-produkty","11":"first","12":"instock","13":"shipping-taxable","14":"purchasable","15":"product-type-simple","16":"entry","17":"content-bg","18":"loop-entry"},"_links":{"self":[{"href":"https:\/\/www.oranjeszvolen.sk\/eshop\/index.php\/wp-json\/wp\/v2\/product\/905","targetHints":{"allow":["GET"]}}],"collection":[{"href":"https:\/\/www.oranjeszvolen.sk\/eshop\/index.php\/wp-json\/wp\/v2\/product"}],"about":[{"href":"https:\/\/www.oranjeszvolen.sk\/eshop\/index.php\/wp-json\/wp\/v2\/types\/product"}],"wp:featuredmedia":[{"embeddable":true,"href":"https:\/\/www.oranjeszvolen.sk\/eshop\/index.php\/wp-json\/wp\/v2\/media\/998"}],"wp:attachment":[{"href":"https:\/\/www.oranjeszvolen.sk\/eshop\/index.php\/wp-json\/wp\/v2\/media?parent=905"}],"wp:term":[{"taxonomy":"product_brand","embeddable":true,"href":"https:\/\/www.oranjeszvolen.sk\/eshop\/index.php\/wp-json\/wp\/v2\/product_brand?post=905"},{"taxonomy":"product_cat","embeddable":true,"href":"https:\/\/www.oranjeszvolen.sk\/eshop\/index.php\/wp-json\/wp\/v2\/product_cat?post=905"},{"taxonomy":"product_tag","embeddable":true,"href":"https:\/\/www.oranjeszvolen.sk\/eshop\/index.php\/wp-json\/wp\/v2\/product_tag?post=905"},{"taxonomy":"product_brands","embeddable":true,"href":"https:\/\/www.oranjeszvolen.sk\/eshop\/index.php\/wp-json\/wp\/v2\/product_brands?post=905"}],"curies":[{"name":"wp","href":"https:\/\/api.w.org\/{rel}","templated":true}]}}