{"id":906,"date":"2025-10-05T16:40:49","date_gmt":"2025-10-05T14:40:49","guid":{"rendered":"https:\/\/www.oranjeszvolen.sk\/eshop\/?post_type=product&#038;p=906"},"modified":"2025-10-24T09:29:56","modified_gmt":"2025-10-24T07:29:56","slug":"detska-zimna-ciapka","status":"publish","type":"product","link":"https:\/\/www.oranjeszvolen.sk\/eshop\/index.php\/product\/detska-zimna-ciapka\/","title":{"rendered":"Detsk\u00e1 tr\u00e9ningov\u00e1  zimn\u00e1 \u010diapka"},"content":{"rendered":"<p>Materi\u00e1l:<br \/>\n100 % akryl<\/p>\n<p>Podrobn\u00fd popis:<br \/>\nPleten\u00e1 \u010diapka z m\u00e4kk\u00e9ho a hrejiv\u00e9ho materi\u00e1lu, vhodn\u00e1 na ka\u017edodenn\u00e9 nosenie v chladnom po\u010das\u00ed. Certifikovan\u00e1 pod\u013ea STANDARD 100 by OEKO-TEX\u00ae (\u010d. CQ1007\/7, IFTH), \u010do zaru\u010duje bezpe\u010dnos\u0165 a nez\u00e1vadnos\u0165 pou\u017eit\u00fdch materi\u00e1lov.<\/p>\n","protected":false},"excerpt":{"rendered":"<p>Univerz\u00e1lna ve\u013ekos\u0165. M\u00e4kk\u00e1 pleten\u00e1 \u010diapka z akrylu s certifik\u00e1tom OEKO-TEX\u00ae pre bezpe\u010dn\u00e9 a pohodln\u00e9 nosenie.<\/p>\n","protected":false},"featured_media":988,"template":"","meta":{"_bst_post_transparent":"default","_bst_post_title":"","_bst_post_layout":"default","_bst_post_sidebar_id":"","_bst_post_content_style":"default","_bst_post_vertical_padding":"default","_bst_post_feature":"","_bst_post_feature_position":"","_bst_post_header":false,"_bst_post_footer":false},"product_brand":[],"product_cat":[91,94,57,95],"product_tag":[],"product_brands":[],"class_list":{"0":"post-906","1":"product","2":"type-product","3":"status-publish","4":"has-post-thumbnail","6":"product_cat-hrac","7":"product_cat-oblecenie-trening","8":"product_cat-vsetky-produkty","9":"product_cat-oblecenie-vychadzka","11":"first","12":"instock","13":"shipping-taxable","14":"purchasable","15":"product-type-simple","16":"entry","17":"content-bg","18":"loop-entry"},"_links":{"self":[{"href":"https:\/\/www.oranjeszvolen.sk\/eshop\/index.php\/wp-json\/wp\/v2\/product\/906","targetHints":{"allow":["GET"]}}],"collection":[{"href":"https:\/\/www.oranjeszvolen.sk\/eshop\/index.php\/wp-json\/wp\/v2\/product"}],"about":[{"href":"https:\/\/www.oranjeszvolen.sk\/eshop\/index.php\/wp-json\/wp\/v2\/types\/product"}],"wp:featuredmedia":[{"embeddable":true,"href":"https:\/\/www.oranjeszvolen.sk\/eshop\/index.php\/wp-json\/wp\/v2\/media\/988"}],"wp:attachment":[{"href":"https:\/\/www.oranjeszvolen.sk\/eshop\/index.php\/wp-json\/wp\/v2\/media?parent=906"}],"wp:term":[{"taxonomy":"product_brand","embeddable":true,"href":"https:\/\/www.oranjeszvolen.sk\/eshop\/index.php\/wp-json\/wp\/v2\/product_brand?post=906"},{"taxonomy":"product_cat","embeddable":true,"href":"https:\/\/www.oranjeszvolen.sk\/eshop\/index.php\/wp-json\/wp\/v2\/product_cat?post=906"},{"taxonomy":"product_tag","embeddable":true,"href":"https:\/\/www.oranjeszvolen.sk\/eshop\/index.php\/wp-json\/wp\/v2\/product_tag?post=906"},{"taxonomy":"product_brands","embeddable":true,"href":"https:\/\/www.oranjeszvolen.sk\/eshop\/index.php\/wp-json\/wp\/v2\/product_brands?post=906"}],"curies":[{"name":"wp","href":"https:\/\/api.w.org\/{rel}","templated":true}]}}