{"id":908,"date":"2025-10-05T16:53:30","date_gmt":"2025-10-05T14:53:30","guid":{"rendered":"https:\/\/www.oranjeszvolen.sk\/eshop\/?post_type=product&#038;p=908"},"modified":"2025-10-24T03:20:21","modified_gmt":"2025-10-24T01:20:21","slug":"zimna-ciapka","status":"publish","type":"product","link":"https:\/\/www.oranjeszvolen.sk\/eshop\/index.php\/product\/zimna-ciapka\/","title":{"rendered":"Tr\u00e9ningov\u00e1 zimn\u00e1 \u010diapka"},"content":{"rendered":"<p>\u013dahk\u00e1, dvojito pleten\u00e1 \u010diapka bez vyhrnut\u00e9ho lemu, ktor\u00e1 tesne prilieha k hlave. Je pohodln\u00e1 na nosenie a ide\u00e1lna do chladnej\u0161ieho po\u010dasia. Mo\u017eno pra\u0165 ru\u010dne alebo pri 40 \u00b0C. Ne\u017eehli\u0165 a nesu\u0161i\u0165 v su\u0161i\u010dke.<\/p>\n<p>Ve\u013ekos\u0165:<br \/>\nuniverz\u00e1lna<\/p>\n<p>Materi\u00e1l:<br \/>\n100 % polyakryl, 45 g\/m\u00b2<\/p>\n","protected":false},"excerpt":{"rendered":"<p>Dvojito pleten\u00e1 \u010diapka bez lemu, \u013eahk\u00e1 a pohodln\u00e1, vhodn\u00e1 na ka\u017edodenn\u00e9 nosenie.<\/p>\n","protected":false},"featured_media":997,"template":"","meta":{"_bst_post_transparent":"default","_bst_post_title":"","_bst_post_layout":"default","_bst_post_sidebar_id":"","_bst_post_content_style":"default","_bst_post_vertical_padding":"default","_bst_post_feature":"","_bst_post_feature_position":"","_bst_post_header":false,"_bst_post_footer":false},"product_brand":[],"product_cat":[91,93,94,57,95],"product_tag":[],"product_brands":[],"class_list":{"0":"post-908","1":"product","2":"type-product","3":"status-publish","4":"has-post-thumbnail","6":"product_cat-hrac","7":"product_cat-trener","8":"product_cat-oblecenie-trening","9":"product_cat-vsetky-produkty","10":"product_cat-oblecenie-vychadzka","12":"first","13":"instock","14":"shipping-taxable","15":"purchasable","16":"product-type-simple","17":"entry","18":"content-bg","19":"loop-entry"},"_links":{"self":[{"href":"https:\/\/www.oranjeszvolen.sk\/eshop\/index.php\/wp-json\/wp\/v2\/product\/908","targetHints":{"allow":["GET"]}}],"collection":[{"href":"https:\/\/www.oranjeszvolen.sk\/eshop\/index.php\/wp-json\/wp\/v2\/product"}],"about":[{"href":"https:\/\/www.oranjeszvolen.sk\/eshop\/index.php\/wp-json\/wp\/v2\/types\/product"}],"wp:featuredmedia":[{"embeddable":true,"href":"https:\/\/www.oranjeszvolen.sk\/eshop\/index.php\/wp-json\/wp\/v2\/media\/997"}],"wp:attachment":[{"href":"https:\/\/www.oranjeszvolen.sk\/eshop\/index.php\/wp-json\/wp\/v2\/media?parent=908"}],"wp:term":[{"taxonomy":"product_brand","embeddable":true,"href":"https:\/\/www.oranjeszvolen.sk\/eshop\/index.php\/wp-json\/wp\/v2\/product_brand?post=908"},{"taxonomy":"product_cat","embeddable":true,"href":"https:\/\/www.oranjeszvolen.sk\/eshop\/index.php\/wp-json\/wp\/v2\/product_cat?post=908"},{"taxonomy":"product_tag","embeddable":true,"href":"https:\/\/www.oranjeszvolen.sk\/eshop\/index.php\/wp-json\/wp\/v2\/product_tag?post=908"},{"taxonomy":"product_brands","embeddable":true,"href":"https:\/\/www.oranjeszvolen.sk\/eshop\/index.php\/wp-json\/wp\/v2\/product_brands?post=908"}],"curies":[{"name":"wp","href":"https:\/\/api.w.org\/{rel}","templated":true}]}}