{"id":910,"date":"2025-10-05T16:54:35","date_gmt":"2025-10-05T14:54:35","guid":{"rendered":"https:\/\/www.oranjeszvolen.sk\/eshop\/?post_type=product&#038;p=910"},"modified":"2026-03-17T13:48:33","modified_gmt":"2026-03-17T12:48:33","slug":"zimna-ciapka-2","status":"publish","type":"product","link":"https:\/\/www.oranjeszvolen.sk\/eshop\/index.php\/product\/zimna-ciapka-2\/","title":{"rendered":"Zimn\u00e1 \u010diapka"},"content":{"rendered":"<p>\u0160t\u00fdlov\u00e1 zimn\u00e1 \u010diapka s jednoduch\u00fdm dizajnom a vyhrnut\u00fdm lemom, ktor\u00fd mo\u017eno nosi\u0165 pod\u013ea potreby. Vyroben\u00e1 z m\u00e4kk\u00e9ho a hrejiv\u00e9ho materi\u00e1lu, ktor\u00fd poskytuje komfort a tepeln\u00fa izol\u00e1ciu po\u010das chladn\u00fdch dn\u00ed. Na leme je decentn\u00fd okr\u00fahly panel pre minimalistick\u00fd vzh\u013ead.<\/p>\n<p>Materi\u00e1l:<br \/>\npleten\u00e1, hrejiv\u00e1 a pohodln\u00e1<\/p>\n<p>Farby:<br \/>\n\u0161ed\u00e1<\/p>\n<p>Ve\u013ekos\u0165:<br \/>\nuniverz\u00e1lna<\/p>\n","protected":false},"excerpt":{"rendered":"<p>Hrejiv\u00e1 zimn\u00e1 \u010diapka s minimalistick\u00fdm dizajnom a vyhrnut\u00fdm lemom, ide\u00e1lna do chladn\u00e9ho po\u010dasia.<\/p>\n","protected":false},"featured_media":989,"template":"","meta":{"_bst_post_transparent":"default","_bst_post_title":"","_bst_post_layout":"default","_bst_post_sidebar_id":"","_bst_post_content_style":"default","_bst_post_vertical_padding":"default","_bst_post_feature":"","_bst_post_feature_position":"","_bst_post_header":false,"_bst_post_footer":false},"product_brand":[],"product_cat":[92,97,91,93,57,95],"product_tag":[],"product_brands":[],"class_list":{"0":"post-910","1":"product","2":"type-product","3":"status-publish","4":"has-post-thumbnail","6":"product_cat-fanusik","7":"product_cat-oblecenie-fanusik","8":"product_cat-hrac","9":"product_cat-trener","10":"product_cat-vsetky-produkty","11":"product_cat-oblecenie-vychadzka","13":"first","14":"instock","15":"shipping-taxable","16":"purchasable","17":"product-type-simple","18":"entry","19":"content-bg","20":"loop-entry"},"_links":{"self":[{"href":"https:\/\/www.oranjeszvolen.sk\/eshop\/index.php\/wp-json\/wp\/v2\/product\/910","targetHints":{"allow":["GET"]}}],"collection":[{"href":"https:\/\/www.oranjeszvolen.sk\/eshop\/index.php\/wp-json\/wp\/v2\/product"}],"about":[{"href":"https:\/\/www.oranjeszvolen.sk\/eshop\/index.php\/wp-json\/wp\/v2\/types\/product"}],"wp:featuredmedia":[{"embeddable":true,"href":"https:\/\/www.oranjeszvolen.sk\/eshop\/index.php\/wp-json\/wp\/v2\/media\/989"}],"wp:attachment":[{"href":"https:\/\/www.oranjeszvolen.sk\/eshop\/index.php\/wp-json\/wp\/v2\/media?parent=910"}],"wp:term":[{"taxonomy":"product_brand","embeddable":true,"href":"https:\/\/www.oranjeszvolen.sk\/eshop\/index.php\/wp-json\/wp\/v2\/product_brand?post=910"},{"taxonomy":"product_cat","embeddable":true,"href":"https:\/\/www.oranjeszvolen.sk\/eshop\/index.php\/wp-json\/wp\/v2\/product_cat?post=910"},{"taxonomy":"product_tag","embeddable":true,"href":"https:\/\/www.oranjeszvolen.sk\/eshop\/index.php\/wp-json\/wp\/v2\/product_tag?post=910"},{"taxonomy":"product_brands","embeddable":true,"href":"https:\/\/www.oranjeszvolen.sk\/eshop\/index.php\/wp-json\/wp\/v2\/product_brands?post=910"}],"curies":[{"name":"wp","href":"https:\/\/api.w.org\/{rel}","templated":true}]}}