{"id":912,"date":"2025-10-05T17:10:00","date_gmt":"2025-10-05T15:10:00","guid":{"rendered":"https:\/\/www.oranjeszvolen.sk\/eshop\/?post_type=product&#038;p=912"},"modified":"2025-11-17T09:48:37","modified_gmt":"2025-11-17T08:48:37","slug":"detska-zimna-bunda","status":"publish","type":"product","link":"https:\/\/www.oranjeszvolen.sk\/eshop\/index.php\/product\/detska-zimna-bunda\/","title":{"rendered":"Detsk\u00e1 zimn\u00e1 bunda"},"content":{"rendered":"<p>Detsk\u00e1 pre\u0161\u00edvan\u00e1 bunda s pohodlnou polstrovanou kapuc\u0148ou a kontrastn\u00fdmi detailmi. Bunda m\u00e1 dve bo\u010dn\u00e9 vreck\u00e1 na zips a vn\u00fatorn\u00fa pod\u0161\u00edvku v kontrastnej farbe. Praktick\u00fd reflexn\u00fd prvok na bokoch zvy\u0161uje bezpe\u010dnos\u0165 die\u0165a\u0165a (bez ochrannej funkcie). Ve\u013ekostn\u00fd \u0161t\u00edtok je neutr\u00e1lny, vhodn\u00fd pre jednoduch\u00e9 prisp\u00f4sobenie.<\/p>\n<p>Materi\u00e1l:<\/p>\n<p>Vonkaj\u0161ia strana a pod\u0161\u00edvka: 100 % polyester<\/p>\n<p>V\u00fdpl\u0148: 160 g\/m\u00b2, 100 % polyester<\/p>\n<p><img fetchpriority=\"high\" decoding=\"async\" class=\"alignnone wp-image-913 size-full\" src=\"https:\/\/www.oranjeszvolen.sk\/eshop\/wp-content\/uploads\/2025\/10\/tabulka_velkosti_detska_zimna_bunda01.jpg\" alt=\"\" width=\"636\" height=\"591\" srcset=\"https:\/\/www.oranjeszvolen.sk\/eshop\/wp-content\/uploads\/2025\/10\/tabulka_velkosti_detska_zimna_bunda01.jpg 636w, https:\/\/www.oranjeszvolen.sk\/eshop\/wp-content\/uploads\/2025\/10\/tabulka_velkosti_detska_zimna_bunda01-300x279.jpg 300w, https:\/\/www.oranjeszvolen.sk\/eshop\/wp-content\/uploads\/2025\/10\/tabulka_velkosti_detska_zimna_bunda01-600x558.jpg 600w\" sizes=\"(max-width: 636px) 100vw, 636px\" \/><\/p>\n","protected":false},"excerpt":{"rendered":"<p>\u0160t\u00fdlov\u00e1 a praktick\u00e1 detsk\u00e1 pre\u0161\u00edvan\u00e1 bunda s kapuc\u0148ou, kontrastn\u00fdmi detailmi a reflexn\u00fdm prvkom pre v\u00e4\u010d\u0161iu bezpe\u010dnos\u0165.<\/p>\n","protected":false},"featured_media":979,"template":"","meta":{"_bst_post_transparent":"default","_bst_post_title":"","_bst_post_layout":"default","_bst_post_sidebar_id":"","_bst_post_content_style":"default","_bst_post_vertical_padding":"default","_bst_post_feature":"","_bst_post_feature_position":"","_bst_post_header":false,"_bst_post_footer":false},"product_brand":[],"product_cat":[91,57,95],"product_tag":[],"product_brands":[],"class_list":{"0":"post-912","1":"product","2":"type-product","3":"status-publish","4":"has-post-thumbnail","6":"product_cat-hrac","7":"product_cat-vsetky-produkty","8":"product_cat-oblecenie-vychadzka","10":"first","11":"instock","12":"shipping-taxable","13":"purchasable","14":"product-type-variable","15":"entry","16":"content-bg","17":"loop-entry"},"_links":{"self":[{"href":"https:\/\/www.oranjeszvolen.sk\/eshop\/index.php\/wp-json\/wp\/v2\/product\/912","targetHints":{"allow":["GET"]}}],"collection":[{"href":"https:\/\/www.oranjeszvolen.sk\/eshop\/index.php\/wp-json\/wp\/v2\/product"}],"about":[{"href":"https:\/\/www.oranjeszvolen.sk\/eshop\/index.php\/wp-json\/wp\/v2\/types\/product"}],"wp:featuredmedia":[{"embeddable":true,"href":"https:\/\/www.oranjeszvolen.sk\/eshop\/index.php\/wp-json\/wp\/v2\/media\/979"}],"wp:attachment":[{"href":"https:\/\/www.oranjeszvolen.sk\/eshop\/index.php\/wp-json\/wp\/v2\/media?parent=912"}],"wp:term":[{"taxonomy":"product_brand","embeddable":true,"href":"https:\/\/www.oranjeszvolen.sk\/eshop\/index.php\/wp-json\/wp\/v2\/product_brand?post=912"},{"taxonomy":"product_cat","embeddable":true,"href":"https:\/\/www.oranjeszvolen.sk\/eshop\/index.php\/wp-json\/wp\/v2\/product_cat?post=912"},{"taxonomy":"product_tag","embeddable":true,"href":"https:\/\/www.oranjeszvolen.sk\/eshop\/index.php\/wp-json\/wp\/v2\/product_tag?post=912"},{"taxonomy":"product_brands","embeddable":true,"href":"https:\/\/www.oranjeszvolen.sk\/eshop\/index.php\/wp-json\/wp\/v2\/product_brands?post=912"}],"curies":[{"name":"wp","href":"https:\/\/api.w.org\/{rel}","templated":true}]}}