{"id":922,"date":"2025-10-05T20:42:51","date_gmt":"2025-10-05T18:42:51","guid":{"rendered":"https:\/\/www.oranjeszvolen.sk\/eshop\/?post_type=product&#038;p=922"},"modified":"2025-10-24T04:18:12","modified_gmt":"2025-10-24T02:18:12","slug":"zimna-bunda","status":"publish","type":"product","link":"https:\/\/www.oranjeszvolen.sk\/eshop\/index.php\/product\/zimna-bunda\/","title":{"rendered":"Zimn\u00e1 bunda"},"content":{"rendered":"<p>Pre\u0161\u00edvan\u00e1 bunda s integrovanou kapuc\u0148ou a kontrastn\u00fdm lemovan\u00edm. Disponuje dvoma bo\u010dn\u00fdmi vreckami na zips, kontrastn\u00fdmi zipsmi a pod\u0161\u00edvkou v kontrastnej farbe. Reflexn\u00e9 detaily (bez ochrannej funkcie) na bokoch zvy\u0161uj\u00fa vidite\u013enos\u0165 a bezpe\u010dnos\u0165. Bunda m\u00e1 neutr\u00e1lny ve\u013ekostn\u00fd \u0161t\u00edtok a pr\u00edstup k zu\u0161\u013eachteniu.<\/p>\n<p>Materi\u00e1l:<\/p>\n<p>Vonkaj\u0161ia strana a pod\u0161\u00edvka: 100 % polyester<\/p>\n<p>V\u00fdpl\u0148: 160 g\/m\u00b2, 100 % polyester<\/p>\n<p><img decoding=\"async\" src=\"https:\/\/www.cottonclassics.com\/en\/media\/catalog\/product\/G\/T\/GT_30233M_result-core_r-233m_web.jpg\" \/><\/p>\n","protected":false},"excerpt":{"rendered":"<p>Modern\u00e1 pre\u0161\u00edvan\u00e1 bunda s kapuc\u0148ou, kontrastn\u00fdmi detailmi a reflexn\u00fdmi prvkami pre v\u00e4\u010d\u0161iu bezpe\u010dnos\u0165.<\/p>\n","protected":false},"featured_media":980,"template":"","meta":{"_bst_post_transparent":"default","_bst_post_title":"","_bst_post_layout":"default","_bst_post_sidebar_id":"","_bst_post_content_style":"default","_bst_post_vertical_padding":"default","_bst_post_feature":"","_bst_post_feature_position":"","_bst_post_header":false,"_bst_post_footer":false},"product_brand":[],"product_cat":[92,97,91,93,57,95],"product_tag":[],"product_brands":[],"class_list":{"0":"post-922","1":"product","2":"type-product","3":"status-publish","4":"has-post-thumbnail","6":"product_cat-fanusik","7":"product_cat-oblecenie-fanusik","8":"product_cat-hrac","9":"product_cat-trener","10":"product_cat-vsetky-produkty","11":"product_cat-oblecenie-vychadzka","13":"first","14":"instock","15":"shipping-taxable","16":"purchasable","17":"product-type-variable","18":"entry","19":"content-bg","20":"loop-entry"},"_links":{"self":[{"href":"https:\/\/www.oranjeszvolen.sk\/eshop\/index.php\/wp-json\/wp\/v2\/product\/922","targetHints":{"allow":["GET"]}}],"collection":[{"href":"https:\/\/www.oranjeszvolen.sk\/eshop\/index.php\/wp-json\/wp\/v2\/product"}],"about":[{"href":"https:\/\/www.oranjeszvolen.sk\/eshop\/index.php\/wp-json\/wp\/v2\/types\/product"}],"wp:featuredmedia":[{"embeddable":true,"href":"https:\/\/www.oranjeszvolen.sk\/eshop\/index.php\/wp-json\/wp\/v2\/media\/980"}],"wp:attachment":[{"href":"https:\/\/www.oranjeszvolen.sk\/eshop\/index.php\/wp-json\/wp\/v2\/media?parent=922"}],"wp:term":[{"taxonomy":"product_brand","embeddable":true,"href":"https:\/\/www.oranjeszvolen.sk\/eshop\/index.php\/wp-json\/wp\/v2\/product_brand?post=922"},{"taxonomy":"product_cat","embeddable":true,"href":"https:\/\/www.oranjeszvolen.sk\/eshop\/index.php\/wp-json\/wp\/v2\/product_cat?post=922"},{"taxonomy":"product_tag","embeddable":true,"href":"https:\/\/www.oranjeszvolen.sk\/eshop\/index.php\/wp-json\/wp\/v2\/product_tag?post=922"},{"taxonomy":"product_brands","embeddable":true,"href":"https:\/\/www.oranjeszvolen.sk\/eshop\/index.php\/wp-json\/wp\/v2\/product_brands?post=922"}],"curies":[{"name":"wp","href":"https:\/\/api.w.org\/{rel}","templated":true}]}}