{"id":931,"date":"2025-10-05T20:48:19","date_gmt":"2025-10-05T18:48:19","guid":{"rendered":"https:\/\/www.oranjeszvolen.sk\/eshop\/?post_type=product&#038;p=931"},"modified":"2025-11-01T13:41:36","modified_gmt":"2025-11-01T12:41:36","slug":"vrecusko","status":"publish","type":"product","link":"https:\/\/www.oranjeszvolen.sk\/eshop\/index.php\/product\/vrecusko\/","title":{"rendered":"\u0160portov\u00e9 vrec\u00fa\u0161ko"},"content":{"rendered":"<p>Praktick\u00e9 \u0161portov\u00e9 vrec\u00fa\u0161ko s modern\u00fdm dizajnom v oran\u017eovo-\u010diernej farbe. Vyroben\u00e9 z odoln\u00e9ho materi\u00e1lu, ide\u00e1lne na tr\u00e9ningy, vo\u013eno\u010dasov\u00e9 aktivity alebo ka\u017edodenn\u00e9 nosenie. Hlavn\u00e9 vrecko sa uzatv\u00e1ra pomocou \u0161n\u00far, ktor\u00e9 z\u00e1rove\u0148 sl\u00fa\u017eia ako ramenn\u00e9 popruhy. Vrec\u00fa\u0161ko je vybaven\u00e9 predn\u00fdm zipsov\u00fdm vreckom na drobnosti.<\/p>\n<p>Vlastnosti:<\/p>\n<p>Odoln\u00fd a \u013eahk\u00fd materi\u00e1l<br \/>\nHlavn\u00e1 priehradka so \u0161n\u00farkov\u00fdm uzatv\u00e1ran\u00edm<br \/>\nPredn\u00e9 zipsov\u00e9 vrecko<br \/>\nModern\u00fd \u0161portov\u00fd dizajn s logom<\/p>\n","protected":false},"excerpt":{"rendered":"<p>\u0160t\u00fdlov\u00e9 a odoln\u00e9 \u0161portov\u00e9 vrec\u00fa\u0161ko s predn\u00fdm zipsov\u00fdm vreckom. \u2013 ide\u00e1lne na tr\u00e9ningy aj vo\u013en\u00fd \u010das.<\/p>\n","protected":false},"featured_media":977,"template":"","meta":{"_bst_post_transparent":"default","_bst_post_title":"","_bst_post_layout":"default","_bst_post_sidebar_id":"","_bst_post_content_style":"default","_bst_post_vertical_padding":"default","_bst_post_feature":"","_bst_post_feature_position":"","_bst_post_header":false,"_bst_post_footer":false},"product_brand":[],"product_cat":[96,92,91,93,57],"product_tag":[],"product_brands":[],"class_list":{"0":"post-931","1":"product","2":"type-product","3":"status-publish","4":"has-post-thumbnail","6":"product_cat-doplnky","7":"product_cat-fanusik","8":"product_cat-hrac","9":"product_cat-trener","10":"product_cat-vsetky-produkty","12":"first","13":"instock","14":"shipping-taxable","15":"purchasable","16":"product-type-simple","17":"entry","18":"content-bg","19":"loop-entry"},"_links":{"self":[{"href":"https:\/\/www.oranjeszvolen.sk\/eshop\/index.php\/wp-json\/wp\/v2\/product\/931","targetHints":{"allow":["GET"]}}],"collection":[{"href":"https:\/\/www.oranjeszvolen.sk\/eshop\/index.php\/wp-json\/wp\/v2\/product"}],"about":[{"href":"https:\/\/www.oranjeszvolen.sk\/eshop\/index.php\/wp-json\/wp\/v2\/types\/product"}],"wp:featuredmedia":[{"embeddable":true,"href":"https:\/\/www.oranjeszvolen.sk\/eshop\/index.php\/wp-json\/wp\/v2\/media\/977"}],"wp:attachment":[{"href":"https:\/\/www.oranjeszvolen.sk\/eshop\/index.php\/wp-json\/wp\/v2\/media?parent=931"}],"wp:term":[{"taxonomy":"product_brand","embeddable":true,"href":"https:\/\/www.oranjeszvolen.sk\/eshop\/index.php\/wp-json\/wp\/v2\/product_brand?post=931"},{"taxonomy":"product_cat","embeddable":true,"href":"https:\/\/www.oranjeszvolen.sk\/eshop\/index.php\/wp-json\/wp\/v2\/product_cat?post=931"},{"taxonomy":"product_tag","embeddable":true,"href":"https:\/\/www.oranjeszvolen.sk\/eshop\/index.php\/wp-json\/wp\/v2\/product_tag?post=931"},{"taxonomy":"product_brands","embeddable":true,"href":"https:\/\/www.oranjeszvolen.sk\/eshop\/index.php\/wp-json\/wp\/v2\/product_brands?post=931"}],"curies":[{"name":"wp","href":"https:\/\/api.w.org\/{rel}","templated":true}]}}