{"id":933,"date":"2025-10-05T20:53:09","date_gmt":"2025-10-05T18:53:09","guid":{"rendered":"https:\/\/www.oranjeszvolen.sk\/eshop\/?post_type=product&#038;p=933"},"modified":"2025-10-24T03:17:28","modified_gmt":"2025-10-24T01:17:28","slug":"batoh","status":"publish","type":"product","link":"https:\/\/www.oranjeszvolen.sk\/eshop\/index.php\/product\/batoh\/","title":{"rendered":"\u0160portov\u00fd batoh 18L"},"content":{"rendered":"<p>Origin\u00e1lny m\u00f3dny batoh s modern\u00fdm dizajnom, ide\u00e1lny do mesta, \u0161koly aj na vo\u013en\u00fd \u010das. M\u00e1 pohodln\u00fa rukov\u00e4\u0165 a nastavite\u013en\u00e9, polstrovan\u00e9 ramenn\u00e9 popruhy pre komfort pri nosen\u00ed. Predn\u00e1 priehradka na zips poskytuje praktick\u00fd priestor na drobnosti, zatia\u013e \u010do polstrovan\u00fd chrb\u00e1t zaru\u010duje pohodlie po\u010das cel\u00e9ho d\u0148a.<\/p>\n<p>Objem: 18 l<br \/>\nRozmery: 31 \u00d7 42 \u00d7 21 cm<br \/>\n\u00dadr\u017eba: \u010cisti\u0165 len hubkou, nepra\u0165.<\/p>\n<p>Materi\u00e1l:<br \/>\n380 g\/m\u00b2, 600D polyester<\/p>\n","protected":false},"excerpt":{"rendered":"<p>\u0160t\u00fdlov\u00fd a pohodln\u00fd batoh s polstrovan\u00fdmi popruhmi a chrbtom, ide\u00e1lny na ka\u017edodenn\u00e9 nosenie.<\/p>\n","protected":false},"featured_media":1005,"template":"","meta":{"_bst_post_transparent":"default","_bst_post_title":"","_bst_post_layout":"default","_bst_post_sidebar_id":"","_bst_post_content_style":"default","_bst_post_vertical_padding":"default","_bst_post_feature":"","_bst_post_feature_position":"","_bst_post_header":false,"_bst_post_footer":false},"product_brand":[],"product_cat":[96,91,93,57],"product_tag":[],"product_brands":[],"class_list":{"0":"post-933","1":"product","2":"type-product","3":"status-publish","4":"has-post-thumbnail","6":"product_cat-doplnky","7":"product_cat-hrac","8":"product_cat-trener","9":"product_cat-vsetky-produkty","11":"first","12":"instock","13":"shipping-taxable","14":"purchasable","15":"product-type-simple","16":"entry","17":"content-bg","18":"loop-entry"},"_links":{"self":[{"href":"https:\/\/www.oranjeszvolen.sk\/eshop\/index.php\/wp-json\/wp\/v2\/product\/933","targetHints":{"allow":["GET"]}}],"collection":[{"href":"https:\/\/www.oranjeszvolen.sk\/eshop\/index.php\/wp-json\/wp\/v2\/product"}],"about":[{"href":"https:\/\/www.oranjeszvolen.sk\/eshop\/index.php\/wp-json\/wp\/v2\/types\/product"}],"wp:featuredmedia":[{"embeddable":true,"href":"https:\/\/www.oranjeszvolen.sk\/eshop\/index.php\/wp-json\/wp\/v2\/media\/1005"}],"wp:attachment":[{"href":"https:\/\/www.oranjeszvolen.sk\/eshop\/index.php\/wp-json\/wp\/v2\/media?parent=933"}],"wp:term":[{"taxonomy":"product_brand","embeddable":true,"href":"https:\/\/www.oranjeszvolen.sk\/eshop\/index.php\/wp-json\/wp\/v2\/product_brand?post=933"},{"taxonomy":"product_cat","embeddable":true,"href":"https:\/\/www.oranjeszvolen.sk\/eshop\/index.php\/wp-json\/wp\/v2\/product_cat?post=933"},{"taxonomy":"product_tag","embeddable":true,"href":"https:\/\/www.oranjeszvolen.sk\/eshop\/index.php\/wp-json\/wp\/v2\/product_tag?post=933"},{"taxonomy":"product_brands","embeddable":true,"href":"https:\/\/www.oranjeszvolen.sk\/eshop\/index.php\/wp-json\/wp\/v2\/product_brands?post=933"}],"curies":[{"name":"wp","href":"https:\/\/api.w.org\/{rel}","templated":true}]}}