{"id":937,"date":"2025-10-05T21:03:22","date_gmt":"2025-10-05T19:03:22","guid":{"rendered":"https:\/\/www.oranjeszvolen.sk\/eshop\/?post_type=product&#038;p=937"},"modified":"2025-10-24T03:12:44","modified_gmt":"2025-10-24T01:12:44","slug":"taska","status":"publish","type":"product","link":"https:\/\/www.oranjeszvolen.sk\/eshop\/index.php\/product\/taska\/","title":{"rendered":"\u0160portov\u00e1 ta\u0161ka 30L"},"content":{"rendered":"<p>Praktick\u00e1 \u0161portov\u00e1 a cestovn\u00e1 ta\u0161ka vyroben\u00e1 z odoln\u00e9ho, vodoodpudiv\u00e9ho materi\u00e1lu. Pon\u00faka dostatok priestoru pre v\u0161etky va\u0161e veci \u2013 ide\u00e1lna na tr\u00e9ningy, v\u00fdlety aj v\u00edkendov\u00e9 cestovanie.<\/p>\n<p>M\u00e1 polstrovan\u00fa rukov\u00e4\u0165 pre pohodln\u00e9 pren\u00e1\u0161anie a odn\u00edmate\u013en\u00fd, nastavite\u013en\u00fd ramenn\u00fd popruh s polstrovan\u00edm pre maxim\u00e1lny komfort. Spodn\u00e1 \u010das\u0165 je vybaven\u00e1 plastov\u00fdmi zar\u00e1\u017ekami, ktor\u00e9 chr\u00e1nia ta\u0161ku pred po\u0161koden\u00edm.<\/p>\n<p>Vn\u00fatorn\u00e9 a vonkaj\u0161ie sie\u0165ovan\u00e9 vreck\u00e1, bo\u010dn\u00e9 priehradky na zips a samostatn\u00e1 priehradka na top\u00e1nky alebo vlhk\u00e9 oble\u010denie zaru\u010duj\u00fa praktick\u00e9 usporiadanie. Ventila\u010dn\u00e9 kovov\u00e9 otvory napom\u00e1haj\u00fa cirkul\u00e1cii vzduchu.<\/p>\n<p>Objem: 30 l<br \/>\nRozmery: 54 \u00d7 29 \u00d7 26 cm<br \/>\n\u00dadr\u017eba: \u010cisti\u0165 iba hubkou, nepra\u0165.<\/p>\n<p>Materi\u00e1l:<\/p>\n<p>830 g, kombin\u00e1cia 600D\/420D polyesteru<\/p>\n<p>\u0160t\u00edtok TearAway pre jednoduch\u00e9 odstr\u00e1nenie<\/p>\n","protected":false},"excerpt":{"rendered":"<p>Odoln\u00e1 \u0161portov\u00e1 a cestovn\u00e1 ta\u0161ka z vodoodpudiv\u00e9ho materi\u00e1lu s priehradkou na top\u00e1nky, nastavite\u013en\u00fdm popruhom a objemom 30 litrov \u2013 ide\u00e1lna na tr\u00e9ningy aj v\u00edkendov\u00e9 cesty.<\/p>\n","protected":false},"featured_media":975,"template":"","meta":{"_bst_post_transparent":"default","_bst_post_title":"","_bst_post_layout":"default","_bst_post_sidebar_id":"","_bst_post_content_style":"default","_bst_post_vertical_padding":"default","_bst_post_feature":"","_bst_post_feature_position":"","_bst_post_header":false,"_bst_post_footer":false},"product_brand":[],"product_cat":[96,91,93,57],"product_tag":[],"product_brands":[],"class_list":{"0":"post-937","1":"product","2":"type-product","3":"status-publish","4":"has-post-thumbnail","6":"product_cat-doplnky","7":"product_cat-hrac","8":"product_cat-trener","9":"product_cat-vsetky-produkty","11":"first","12":"instock","13":"shipping-taxable","14":"purchasable","15":"product-type-simple","16":"entry","17":"content-bg","18":"loop-entry"},"_links":{"self":[{"href":"https:\/\/www.oranjeszvolen.sk\/eshop\/index.php\/wp-json\/wp\/v2\/product\/937","targetHints":{"allow":["GET"]}}],"collection":[{"href":"https:\/\/www.oranjeszvolen.sk\/eshop\/index.php\/wp-json\/wp\/v2\/product"}],"about":[{"href":"https:\/\/www.oranjeszvolen.sk\/eshop\/index.php\/wp-json\/wp\/v2\/types\/product"}],"wp:featuredmedia":[{"embeddable":true,"href":"https:\/\/www.oranjeszvolen.sk\/eshop\/index.php\/wp-json\/wp\/v2\/media\/975"}],"wp:attachment":[{"href":"https:\/\/www.oranjeszvolen.sk\/eshop\/index.php\/wp-json\/wp\/v2\/media?parent=937"}],"wp:term":[{"taxonomy":"product_brand","embeddable":true,"href":"https:\/\/www.oranjeszvolen.sk\/eshop\/index.php\/wp-json\/wp\/v2\/product_brand?post=937"},{"taxonomy":"product_cat","embeddable":true,"href":"https:\/\/www.oranjeszvolen.sk\/eshop\/index.php\/wp-json\/wp\/v2\/product_cat?post=937"},{"taxonomy":"product_tag","embeddable":true,"href":"https:\/\/www.oranjeszvolen.sk\/eshop\/index.php\/wp-json\/wp\/v2\/product_tag?post=937"},{"taxonomy":"product_brands","embeddable":true,"href":"https:\/\/www.oranjeszvolen.sk\/eshop\/index.php\/wp-json\/wp\/v2\/product_brands?post=937"}],"curies":[{"name":"wp","href":"https:\/\/api.w.org\/{rel}","templated":true}]}}