{"id":953,"date":"2025-10-06T13:25:12","date_gmt":"2025-10-06T11:25:12","guid":{"rendered":"https:\/\/www.oranjeszvolen.sk\/eshop\/?post_type=product&#038;p=953"},"modified":"2026-02-07T14:18:36","modified_gmt":"2026-02-07T13:18:36","slug":"damska-mikina","status":"publish","type":"product","link":"https:\/\/www.oranjeszvolen.sk\/eshop\/index.php\/product\/damska-mikina\/","title":{"rendered":"D\u00e1mska mikina"},"content":{"rendered":"<p>\u0160t\u00fdlov\u00e1 d\u00e1mska mikina s kapuc\u0148ou Oranjes kombinuje pohodlie a modern\u00fd dizajn. Vyroben\u00e1 z m\u00e4kk\u00e9ho a pr\u00edjemn\u00e9ho materi\u00e1lu, ktor\u00fd zaru\u010duje komfort po\u010das cel\u00e9ho d\u0148a. Mikina m\u00e1 praktick\u00fa predn\u00fa klokaniu kapsu, \u0161irok\u00e9 rebrovan\u00e9 lemy na ruk\u00e1voch a spodnom okraji pre lep\u0161ie prisp\u00f4sobenie a teplo. Kapuc\u0148a s nastavite\u013enou \u0161n\u00farkou umo\u017e\u0148uje individu\u00e1lne nastavenie a dod\u00e1va mikine \u0161portov\u00fd vzh\u013ead. Origin\u00e1lny potla\u010den\u00fd mot\u00edv na prednej strane pod\u010diarkuje jedine\u010dn\u00fd \u0161t\u00fdl.<\/p>\n<p><img fetchpriority=\"high\" decoding=\"async\" class=\"\" src=\"https:\/\/www.cottonclassics.com\/en\/media\/catalog\/product\/G\/T\/GT_20K465_kariban_k-465_b3f906f1-6508-4413-b4ed-c9b09cc49f07_web.jpg\" width=\"648\" height=\"582\" \/><\/p>\n","protected":false},"excerpt":{"rendered":"<p>Oran\u017eov\u00e1 d\u00e1mska mikina s kapuc\u0148ou Oranjes, prednou klokaniou kapsou a modern\u00fdm potla\u010den\u00fdm mot\u00edvom. Pohodln\u00e1 a \u0161t\u00fdlov\u00e1 na ka\u017edodenn\u00e9 nosenie.<\/p>\n","protected":false},"featured_media":1000,"template":"","meta":{"_bst_post_transparent":"default","_bst_post_title":"","_bst_post_layout":"default","_bst_post_sidebar_id":"","_bst_post_content_style":"default","_bst_post_vertical_padding":"default","_bst_post_feature":"","_bst_post_feature_position":"","_bst_post_header":false,"_bst_post_footer":false},"product_brand":[],"product_cat":[92,97,57],"product_tag":[],"product_brands":[],"class_list":{"0":"post-953","1":"product","2":"type-product","3":"status-publish","4":"has-post-thumbnail","6":"product_cat-fanusik","7":"product_cat-oblecenie-fanusik","8":"product_cat-vsetky-produkty","10":"first","11":"instock","12":"shipping-taxable","13":"purchasable","14":"product-type-variable","15":"entry","16":"content-bg","17":"loop-entry"},"_links":{"self":[{"href":"https:\/\/www.oranjeszvolen.sk\/eshop\/index.php\/wp-json\/wp\/v2\/product\/953","targetHints":{"allow":["GET"]}}],"collection":[{"href":"https:\/\/www.oranjeszvolen.sk\/eshop\/index.php\/wp-json\/wp\/v2\/product"}],"about":[{"href":"https:\/\/www.oranjeszvolen.sk\/eshop\/index.php\/wp-json\/wp\/v2\/types\/product"}],"wp:featuredmedia":[{"embeddable":true,"href":"https:\/\/www.oranjeszvolen.sk\/eshop\/index.php\/wp-json\/wp\/v2\/media\/1000"}],"wp:attachment":[{"href":"https:\/\/www.oranjeszvolen.sk\/eshop\/index.php\/wp-json\/wp\/v2\/media?parent=953"}],"wp:term":[{"taxonomy":"product_brand","embeddable":true,"href":"https:\/\/www.oranjeszvolen.sk\/eshop\/index.php\/wp-json\/wp\/v2\/product_brand?post=953"},{"taxonomy":"product_cat","embeddable":true,"href":"https:\/\/www.oranjeszvolen.sk\/eshop\/index.php\/wp-json\/wp\/v2\/product_cat?post=953"},{"taxonomy":"product_tag","embeddable":true,"href":"https:\/\/www.oranjeszvolen.sk\/eshop\/index.php\/wp-json\/wp\/v2\/product_tag?post=953"},{"taxonomy":"product_brands","embeddable":true,"href":"https:\/\/www.oranjeszvolen.sk\/eshop\/index.php\/wp-json\/wp\/v2\/product_brands?post=953"}],"curies":[{"name":"wp","href":"https:\/\/api.w.org\/{rel}","templated":true}]}}