{"id":967,"date":"2025-10-06T13:39:13","date_gmt":"2025-10-06T11:39:13","guid":{"rendered":"https:\/\/www.oranjeszvolen.sk\/eshop\/?post_type=product&#038;p=967"},"modified":"2025-10-24T03:11:16","modified_gmt":"2025-10-24T01:11:16","slug":"siltovka-cierna","status":"publish","type":"product","link":"https:\/\/www.oranjeszvolen.sk\/eshop\/index.php\/product\/siltovka-cierna\/","title":{"rendered":"\u0160iltovka \u010dierna"},"content":{"rendered":"<p>T\u00e1to klasick\u00e1 \u010dierna \u0161iltovka kombinuje pohodlie a praktickos\u0165. Vzadu je sie\u0165ka, ktor\u00e1 zabezpe\u010duje lep\u0161iu ventil\u00e1ciu a odvod tepla, tak\u017ee hlava zostane v\u017edy svie\u017ea. Nastavenie ve\u013ekosti cez plastov\u00e9 dierky umo\u017e\u0148uje presn\u00e9 prisp\u00f4sobenie ka\u017edej hlave, zatia\u013e \u010do minimalistick\u00fd dizajn zaru\u010duje, \u017ee \u0161iltovka sa hod\u00ed ku ka\u017ed\u00e9mu outfitu. Ide\u00e1lna na \u0161port, vo\u013en\u00fd \u010das alebo ka\u017edodenn\u00e9 nosenie, poskytuje \u0161t\u00fdl aj komfort v jednom.<\/p>\n","protected":false},"excerpt":{"rendered":"<p>\u0160t\u00fdlov\u00e1 \u010dierna \u0161iltovka s praktickou sie\u0165kou vzadu a nastavite\u013enou ve\u013ekos\u0165ou cez plastov\u00e9 zap\u00ednanie. Ide\u00e1lna do ka\u017ed\u00e9ho po\u010dasia a na ka\u017edodenn\u00e9 nosenie.<\/p>\n","protected":false},"featured_media":993,"template":"","meta":{"_bst_post_transparent":"default","_bst_post_title":"","_bst_post_layout":"default","_bst_post_sidebar_id":"","_bst_post_content_style":"default","_bst_post_vertical_padding":"default","_bst_post_feature":"","_bst_post_feature_position":"","_bst_post_header":false,"_bst_post_footer":false},"product_brand":[],"product_cat":[97,93,57,95],"product_tag":[],"product_brands":[],"class_list":{"0":"post-967","1":"product","2":"type-product","3":"status-publish","4":"has-post-thumbnail","6":"product_cat-oblecenie-fanusik","7":"product_cat-trener","8":"product_cat-vsetky-produkty","9":"product_cat-oblecenie-vychadzka","11":"first","12":"instock","13":"shipping-taxable","14":"purchasable","15":"product-type-simple","16":"entry","17":"content-bg","18":"loop-entry"},"_links":{"self":[{"href":"https:\/\/www.oranjeszvolen.sk\/eshop\/index.php\/wp-json\/wp\/v2\/product\/967","targetHints":{"allow":["GET"]}}],"collection":[{"href":"https:\/\/www.oranjeszvolen.sk\/eshop\/index.php\/wp-json\/wp\/v2\/product"}],"about":[{"href":"https:\/\/www.oranjeszvolen.sk\/eshop\/index.php\/wp-json\/wp\/v2\/types\/product"}],"wp:featuredmedia":[{"embeddable":true,"href":"https:\/\/www.oranjeszvolen.sk\/eshop\/index.php\/wp-json\/wp\/v2\/media\/993"}],"wp:attachment":[{"href":"https:\/\/www.oranjeszvolen.sk\/eshop\/index.php\/wp-json\/wp\/v2\/media?parent=967"}],"wp:term":[{"taxonomy":"product_brand","embeddable":true,"href":"https:\/\/www.oranjeszvolen.sk\/eshop\/index.php\/wp-json\/wp\/v2\/product_brand?post=967"},{"taxonomy":"product_cat","embeddable":true,"href":"https:\/\/www.oranjeszvolen.sk\/eshop\/index.php\/wp-json\/wp\/v2\/product_cat?post=967"},{"taxonomy":"product_tag","embeddable":true,"href":"https:\/\/www.oranjeszvolen.sk\/eshop\/index.php\/wp-json\/wp\/v2\/product_tag?post=967"},{"taxonomy":"product_brands","embeddable":true,"href":"https:\/\/www.oranjeszvolen.sk\/eshop\/index.php\/wp-json\/wp\/v2\/product_brands?post=967"}],"curies":[{"name":"wp","href":"https:\/\/api.w.org\/{rel}","templated":true}]}}